{"id":297,"date":"2026-04-04T10:48:37","date_gmt":"2026-04-04T10:48:37","guid":{"rendered":"https:\/\/nhinhi.azdigi.shop\/?post_type=product&#038;p=297"},"modified":"2026-04-12T06:21:08","modified_gmt":"2026-04-12T06:21:08","slug":"cap-nhan-cuoi-kim-cuong","status":"publish","type":"product","link":"https:\/\/nhinhi.azdigi.shop\/index.php\/san-pham\/cap-nhan-cuoi-kim-cuong\/","title":{"rendered":"C\u1eb7p Nh\u1eabn C\u01b0\u1edbi Kim C\u01b0\u01a1ng"},"content":{"rendered":"<p data-start=\"329\" data-end=\"579\">C\u1eb7p nh\u1eabn \u0111\u00f4i kim c\u01b0\u01a1ng nam n\u1eef l\u00e0 m\u00f3n trang s\u1ee9c \u00fd ngh\u0129a d\u00e0nh cho c\u00e1c c\u1eb7p \u0111\u00f4i \u0111ang y\u00eau, gi\u00fap th\u1ec3 hi\u1ec7n s\u1ef1 g\u1eafn k\u1ebft v\u00e0 t\u00ecnh c\u1ea3m b\u1ec1n ch\u1eb7t. Kh\u00f4ng ch\u1ec9 mang gi\u00e1 tr\u1ecb th\u1ea9m m\u1ef9 cao, c\u1eb7p nh\u1eabn \u0111\u00f4i kim c\u01b0\u01a1ng nam n\u1eef c\u00f2n l\u00e0 bi\u1ec3u t\u01b0\u1ee3ng c\u1ee7a t\u00ecnh y\u00eau hi\u1ec7n \u0111\u1ea1i v\u00e0 tinh t\u1ebf.<\/p>\n<h2 data-section-id=\"aim6ke\" data-start=\"581\" data-end=\"621\">C\u1eb7p nh\u1eabn \u0111\u00f4i kim c\u01b0\u01a1ng nam n\u1eef l\u00e0 g\u00ec<\/h2>\n<p data-start=\"622\" data-end=\"833\">C\u1eb7p nh\u1eabn \u0111\u00f4i kim c\u01b0\u01a1ng nam n\u1eef l\u00e0 hai chi\u1ebfc nh\u1eabn \u0111\u01b0\u1ee3c thi\u1ebft k\u1ebf d\u00e0nh ri\u00eang cho nam v\u00e0 n\u1eef, c\u00f3 ki\u1ec3u d\u00e1ng t\u01b0\u01a1ng \u0111\u1ed3ng ho\u1eb7c b\u1ed5 tr\u1ee3 cho nhau. \u0110i\u1ec3m \u0111\u1eb7c bi\u1ec7t l\u00e0 th\u01b0\u1eddng \u0111\u01b0\u1ee3c \u0111\u00ednh kim c\u01b0\u01a1ng \u0111\u1ec3 t\u0103ng s\u1ef1 sang tr\u1ecdng v\u00e0 gi\u00e1 tr\u1ecb.<\/p>\n<h2 data-section-id=\"396dew\" data-start=\"835\" data-end=\"881\">\u00dd ngh\u0129a c\u1ee7a c\u1eb7p nh\u1eabn \u0111\u00f4i kim c\u01b0\u01a1ng nam n\u1eef<\/h2>\n<p data-start=\"882\" data-end=\"955\">Kh\u00f4ng gi\u1ed1ng nh\u1eabn c\u01b0\u1edbi, c\u1eb7p nh\u1eabn \u0111\u00f4i kim c\u01b0\u01a1ng nam n\u1eef th\u01b0\u1eddng mang \u00fd ngh\u0129a:<\/p>\n<ul data-start=\"957\" data-end=\"1095\">\n<li data-section-id=\"6x4eis\" data-start=\"957\" data-end=\"991\">Th\u1ec3 hi\u1ec7n t\u00ecnh y\u00eau v\u00e0 s\u1ef1 g\u1eafn b\u00f3<\/li>\n<li data-section-id=\"1arj1d7\" data-start=\"992\" data-end=\"1025\">L\u00e0 k\u1ef7 v\u1eadt k\u1ef7 ni\u1ec7m c\u1ee7a c\u1eb7p \u0111\u00f4i<\/li>\n<li data-section-id=\"94dzui\" data-start=\"1026\" data-end=\"1057\">T\u01b0\u1ee3ng tr\u01b0ng cho s\u1ef1 b\u1ec1n ch\u1eb7t<\/li>\n<li data-section-id=\"15utzbn\" data-start=\"1058\" data-end=\"1095\">T\u0103ng s\u1ef1 k\u1ebft n\u1ed1i trong m\u1ed1i quan h\u1ec7<\/li>\n<\/ul>\n<h2 data-section-id=\"1wardto\" data-start=\"1097\" data-end=\"1147\">V\u00ec sao n\u00ean ch\u1ecdn c\u1eb7p nh\u1eabn \u0111\u00f4i kim c\u01b0\u01a1ng nam n\u1eef<\/h2>\n<p data-start=\"1148\" data-end=\"1219\">Hi\u1ec7n nay, c\u1eb7p nh\u1eabn \u0111\u00f4i kim c\u01b0\u01a1ng nam n\u1eef \u0111\u01b0\u1ee3c nhi\u1ec1u b\u1ea1n tr\u1ebb l\u1ef1a ch\u1ecdn v\u00ec:<\/p>\n<ul data-start=\"1221\" data-end=\"1332\">\n<li data-section-id=\"jfhpfr\" data-start=\"1221\" data-end=\"1247\">Thi\u1ebft k\u1ebf \u0111\u1eb9p, hi\u1ec7n \u0111\u1ea1i<\/li>\n<li data-section-id=\"8r4lpa\" data-start=\"1248\" data-end=\"1276\">Ph\u00f9 h\u1ee3p nhi\u1ec1u phong c\u00e1ch<\/li>\n<li data-section-id=\"1g4e4jw\" data-start=\"1277\" data-end=\"1307\">Mang gi\u00e1 tr\u1ecb tinh th\u1ea7n cao<\/li>\n<li data-section-id=\"1aof63x\" data-start=\"1308\" data-end=\"1332\">C\u00f3 th\u1ec3 \u0111eo h\u00e0ng ng\u00e0y<\/li>\n<\/ul>\n<h2 data-section-id=\"1m1xy5e\" data-start=\"1334\" data-end=\"1386\">C\u00e1ch ch\u1ecdn c\u1eb7p nh\u1eabn \u0111\u00f4i kim c\u01b0\u01a1ng nam n\u1eef ph\u00f9 h\u1ee3p<\/h2>\n<h3 data-section-id=\"gav12q\" data-start=\"1388\" data-end=\"1412\">Ch\u1ecdn theo thi\u1ebft k\u1ebf<\/h3>\n<ul data-start=\"1413\" data-end=\"1488\">\n<li data-section-id=\"v1eny\" data-start=\"1413\" data-end=\"1448\">\u0110\u01a1n gi\u1ea3n: ph\u00f9 h\u1ee3p \u0111eo h\u00e0ng ng\u00e0y<\/li>\n<li data-section-id=\"6pd8m5\" data-start=\"1449\" data-end=\"1488\">\u0110\u00ednh \u0111\u00e1: ph\u00f9 h\u1ee3p phong c\u00e1ch n\u1ed5i b\u1eadt<\/li>\n<\/ul>\n<h3 data-section-id=\"bmqr11\" data-start=\"1490\" data-end=\"1515\">Ch\u1ecdn theo ch\u1ea5t li\u1ec7u<\/h3>\n<ul data-start=\"1516\" data-end=\"1592\">\n<li data-section-id=\"13878sj\" data-start=\"1516\" data-end=\"1545\">V\u00e0ng 18K: b\u1ec1n v\u00e0 ph\u1ed5 bi\u1ebfn<\/li>\n<li data-section-id=\"te9mcc\" data-start=\"1546\" data-end=\"1570\">V\u00e0ng tr\u1eafng: hi\u1ec7n \u0111\u1ea1i<\/li>\n<li data-section-id=\"142xutq\" data-start=\"1571\" data-end=\"1592\">B\u1ea1ch kim: cao c\u1ea5p<\/li>\n<\/ul>\n<h3 data-section-id=\"17647tz\" data-start=\"1594\" data-end=\"1628\">Ch\u1ecdn theo phong c\u00e1ch c\u1eb7p \u0111\u00f4i<\/h3>\n<ul data-start=\"1629\" data-end=\"1697\">\n<li data-section-id=\"1ua2fvd\" data-start=\"1629\" data-end=\"1663\">C\u00e1 t\u00ednh: ch\u1ecdn thi\u1ebft k\u1ebf \u0111\u1ed9c \u0111\u00e1o<\/li>\n<li data-section-id=\"ub5nyp\" data-start=\"1664\" data-end=\"1697\">Thanh l\u1ecbch: ch\u1ecdn m\u1eabu t\u1ed1i gi\u1ea3n<\/li>\n<\/ul>\n<h2 data-section-id=\"kgl3ge\" data-start=\"1699\" data-end=\"1753\">Nh\u1eefng l\u01b0u \u00fd khi mua c\u1eb7p nh\u1eabn \u0111\u00f4i kim c\u01b0\u01a1ng nam n\u1eef<\/h2>\n<p data-start=\"1754\" data-end=\"1776\">Khi ch\u1ecdn mua, b\u1ea1n n\u00ean:<\/p>\n<ul data-start=\"1778\" data-end=\"1856\">\n<li data-section-id=\"hy7msb\" data-start=\"1778\" data-end=\"1811\">Ki\u1ec3m tra ch\u1ea5t l\u01b0\u1ee3ng kim c\u01b0\u01a1ng<\/li>\n<li data-section-id=\"1gp75jz\" data-start=\"1812\" data-end=\"1833\">Ch\u1ecdn size ph\u00f9 h\u1ee3p<\/li>\n<li data-section-id=\"fkhymo\" data-start=\"1834\" data-end=\"1856\">Mua t\u1ea1i n\u01a1i uy t\u00edn<\/li>\n<\/ul>\n<h2 data-section-id=\"dq6ot3\" data-start=\"1858\" data-end=\"1906\">C\u00e1ch b\u1ea3o qu\u1ea3n c\u1eb7p nh\u1eabn \u0111\u00f4i kim c\u01b0\u01a1ng nam n\u1eef<\/h2>\n<p data-start=\"1907\" data-end=\"1933\">\u0110\u1ec3 gi\u1eef nh\u1eabn lu\u00f4n s\u00e1ng \u0111\u1eb9p:<\/p>\n<ul data-start=\"1935\" data-end=\"2004\">\n<li data-section-id=\"1c03b5k\" data-start=\"1935\" data-end=\"1956\">Tr\u00e1nh va \u0111\u1eadp m\u1ea1nh<\/li>\n<li data-section-id=\"bhgtdx\" data-start=\"1957\" data-end=\"1984\">Kh\u00f4ng ti\u1ebfp x\u00fac h\u00f3a ch\u1ea5t<\/li>\n<li data-section-id=\"1vhw22p\" data-start=\"1985\" data-end=\"2004\">V\u1ec7 sinh \u0111\u1ecbnh k\u1ef3<\/li>\n<\/ul>\n<h2 data-section-id=\"rz3jz7\" data-start=\"2006\" data-end=\"2051\">Xu h\u01b0\u1edbng c\u1eb7p nh\u1eabn \u0111\u00f4i kim c\u01b0\u01a1ng hi\u1ec7n nay<\/h2>\n<p data-start=\"2052\" data-end=\"2231\">Hi\u1ec7n nay, c\u1eb7p nh\u1eabn \u0111\u00f4i kim c\u01b0\u01a1ng nam n\u1eef theo phong c\u00e1ch t\u1ed1i gi\u1ea3n v\u00e0 c\u00e1 nh\u00e2n h\u00f3a \u0111ang r\u1ea5t \u0111\u01b0\u1ee3c \u01b0a chu\u1ed9ng. Ngo\u00e0i ra, c\u00e1c m\u1eabu kh\u1eafc t\u00ean ho\u1eb7c bi\u1ec3u t\u01b0\u1ee3ng ri\u00eang c\u0169ng l\u00e0 xu h\u01b0\u1edbng n\u1ed5i b\u1eadt.<\/p>\n<p data-start=\"2233\" data-end=\"2358\">\ud83d\udc49 Xem th\u00eam: \/nhan-vang-18k<br data-start=\"2260\" data-end=\"2263\" \/>\ud83d\udc49 Kh\u00e1m ph\u00e1: \/cap-nhan-cuoi-kim-cuong<br data-start=\"2300\" data-end=\"2303\" \/>\ud83d\udc49 Tham kh\u1ea3o: <a class=\"decorated-link\" href=\"https:\/\/vi.wikipedia.org\/wiki\/Kim_c%C6%B0%C6%A1ng\" target=\"_new\" rel=\"noopener\" data-start=\"2317\" data-end=\"2356\">https:\/\/vi.wikipedia.org\/wiki\/Kim_c\u01b0\u01a1ng<\/a><\/p>\n<p data-start=\"2360\" data-end=\"2469\">C\u1eb7p nh\u1eabn \u0111\u00f4i kim c\u01b0\u01a1ng nam n\u1eef kh\u00f4ng ch\u1ec9 l\u00e0 trang s\u1ee9c m\u00e0 c\u00f2n l\u00e0 bi\u1ec3u t\u01b0\u1ee3ng c\u1ee7a t\u00ecnh y\u00eau v\u00e0 s\u1ef1 g\u1eafn k\u1ebft l\u00e2u d\u00e0i.<\/p>\n","protected":false},"excerpt":{"rendered":"<p>C\u1eb7p nh\u1eabn \u0111\u00f4i kim c\u01b0\u01a1ng nam n\u1eef kh\u00f4ng ch\u1ec9 l\u00e0 trang s\u1ee9c m\u00e0 c\u00f2n l\u00e0 bi\u1ec3u t\u01b0\u1ee3ng c\u1ee7a t\u00ecnh y\u00eau v\u00e0 s\u1ef1 g\u1eafn k\u1ebft l\u00e2u d\u00e0i.<\/p>\n","protected":false},"featured_media":271,"comment_status":"open","ping_status":"closed","template":"","meta":[],"product_brand":[],"product_cat":[16],"product_tag":[],"class_list":{"0":"post-297","1":"product","2":"type-product","3":"status-publish","4":"has-post-thumbnail","6":"product_cat-chua-phan-loai","8":"first","9":"instock","10":"shipping-taxable","11":"purchasable","12":"product-type-variable"},"yoast_head":"<!-- This site is optimized with the Yoast SEO plugin v27.2 - https:\/\/yoast.com\/product\/yoast-seo-wordpress\/ -->\n<title>C\u1eb7p Nh\u1eabn C\u01b0\u1edbi Kim C\u01b0\u01a1ng - Elira Boutique<\/title>\n<meta name=\"description\" content=\"C\u1eb7p nh\u1eabn c\u01b0\u1edbi kim c\u01b0\u01a1ng \u0111\u1eb9p sang tr\u1ecdng, bi\u1ec3u t\u01b0\u1ee3ng t\u00ecnh y\u00eau v\u0129nh c\u1eedu v\u00e0 h\u1ea1nh ph\u00fac l\u00e2u d\u00e0i. Kh\u00e1m ph\u00e1 ngay xu h\u01b0\u1edbng nh\u1eabn c\u01b0\u1edbi m\u1edbi.\" \/>\n<meta name=\"robots\" content=\"index, follow, max-snippet:-1, max-image-preview:large, max-video-preview:-1\" \/>\n<link rel=\"canonical\" href=\"https:\/\/nhinhi.azdigi.shop\/index.php\/san-pham\/cap-nhan-cuoi-kim-cuong\/\" \/>\n<meta property=\"og:locale\" content=\"en_US\" \/>\n<meta property=\"og:type\" content=\"article\" \/>\n<meta property=\"og:title\" content=\"C\u1eb7p Nh\u1eabn C\u01b0\u1edbi Kim C\u01b0\u01a1ng - Elira Boutique\" \/>\n<meta property=\"og:description\" content=\"C\u1eb7p nh\u1eabn c\u01b0\u1edbi kim c\u01b0\u01a1ng \u0111\u1eb9p sang tr\u1ecdng, bi\u1ec3u t\u01b0\u1ee3ng t\u00ecnh y\u00eau v\u0129nh c\u1eedu v\u00e0 h\u1ea1nh ph\u00fac l\u00e2u d\u00e0i. Kh\u00e1m ph\u00e1 ngay xu h\u01b0\u1edbng nh\u1eabn c\u01b0\u1edbi m\u1edbi.\" \/>\n<meta property=\"og:url\" content=\"https:\/\/nhinhi.azdigi.shop\/index.php\/san-pham\/cap-nhan-cuoi-kim-cuong\/\" \/>\n<meta property=\"og:site_name\" content=\"Elira Boutique\" \/>\n<meta property=\"article:modified_time\" content=\"2026-04-12T06:21:08+00:00\" \/>\n<meta property=\"og:image\" content=\"https:\/\/nhinhi.azdigi.shop\/wp-content\/uploads\/2026\/03\/z7669102618323_fbbeb2650338707c9b58a3320b63c1e5.jpg\" \/>\n\t<meta property=\"og:image:width\" content=\"735\" \/>\n\t<meta property=\"og:image:height\" content=\"293\" \/>\n\t<meta property=\"og:image:type\" content=\"image\/jpeg\" \/>\n<meta name=\"twitter:card\" content=\"summary_large_image\" \/>\n<meta name=\"twitter:label1\" content=\"Est. reading time\" \/>\n\t<meta name=\"twitter:data1\" content=\"3 minutes\" \/>\n<script type=\"application\/ld+json\" class=\"yoast-schema-graph\">{\"@context\":\"https:\/\/schema.org\",\"@graph\":[{\"@type\":\"WebPage\",\"@id\":\"https:\/\/nhinhi.azdigi.shop\/index.php\/san-pham\/cap-nhan-cuoi-kim-cuong\/\",\"url\":\"https:\/\/nhinhi.azdigi.shop\/index.php\/san-pham\/cap-nhan-cuoi-kim-cuong\/\",\"name\":\"C\u1eb7p Nh\u1eabn C\u01b0\u1edbi Kim C\u01b0\u01a1ng - Elira Boutique\",\"isPartOf\":{\"@id\":\"https:\/\/nhinhi.azdigi.shop\/#website\"},\"primaryImageOfPage\":{\"@id\":\"https:\/\/nhinhi.azdigi.shop\/index.php\/san-pham\/cap-nhan-cuoi-kim-cuong\/#primaryimage\"},\"image\":{\"@id\":\"https:\/\/nhinhi.azdigi.shop\/index.php\/san-pham\/cap-nhan-cuoi-kim-cuong\/#primaryimage\"},\"thumbnailUrl\":\"https:\/\/nhinhi.azdigi.shop\/wp-content\/uploads\/2026\/03\/z7669102618323_fbbeb2650338707c9b58a3320b63c1e5.jpg\",\"datePublished\":\"2026-04-04T10:48:37+00:00\",\"dateModified\":\"2026-04-12T06:21:08+00:00\",\"description\":\"C\u1eb7p nh\u1eabn c\u01b0\u1edbi kim c\u01b0\u01a1ng \u0111\u1eb9p sang tr\u1ecdng, bi\u1ec3u t\u01b0\u1ee3ng t\u00ecnh y\u00eau v\u0129nh c\u1eedu v\u00e0 h\u1ea1nh ph\u00fac l\u00e2u d\u00e0i. Kh\u00e1m ph\u00e1 ngay xu h\u01b0\u1edbng nh\u1eabn c\u01b0\u1edbi m\u1edbi.\",\"breadcrumb\":{\"@id\":\"https:\/\/nhinhi.azdigi.shop\/index.php\/san-pham\/cap-nhan-cuoi-kim-cuong\/#breadcrumb\"},\"inLanguage\":\"en-US\",\"potentialAction\":[{\"@type\":\"ReadAction\",\"target\":[\"https:\/\/nhinhi.azdigi.shop\/index.php\/san-pham\/cap-nhan-cuoi-kim-cuong\/\"]}]},{\"@type\":\"ImageObject\",\"inLanguage\":\"en-US\",\"@id\":\"https:\/\/nhinhi.azdigi.shop\/index.php\/san-pham\/cap-nhan-cuoi-kim-cuong\/#primaryimage\",\"url\":\"https:\/\/nhinhi.azdigi.shop\/wp-content\/uploads\/2026\/03\/z7669102618323_fbbeb2650338707c9b58a3320b63c1e5.jpg\",\"contentUrl\":\"https:\/\/nhinhi.azdigi.shop\/wp-content\/uploads\/2026\/03\/z7669102618323_fbbeb2650338707c9b58a3320b63c1e5.jpg\",\"width\":735,\"height\":293},{\"@type\":\"BreadcrumbList\",\"@id\":\"https:\/\/nhinhi.azdigi.shop\/index.php\/san-pham\/cap-nhan-cuoi-kim-cuong\/#breadcrumb\",\"itemListElement\":[{\"@type\":\"ListItem\",\"position\":1,\"name\":\"Trang ch\u1ee7\",\"item\":\"https:\/\/nhinhi.azdigi.shop\/\"},{\"@type\":\"ListItem\",\"position\":2,\"name\":\"Shop\",\"item\":\"https:\/\/nhinhi.azdigi.shop\/index.php\/shop\/\"},{\"@type\":\"ListItem\",\"position\":3,\"name\":\"C\u1eb7p Nh\u1eabn C\u01b0\u1edbi Kim C\u01b0\u01a1ng\"}]},{\"@type\":\"WebSite\",\"@id\":\"https:\/\/nhinhi.azdigi.shop\/#website\",\"url\":\"https:\/\/nhinhi.azdigi.shop\/\",\"name\":\"Elira Boutique\",\"description\":\"\",\"potentialAction\":[{\"@type\":\"SearchAction\",\"target\":{\"@type\":\"EntryPoint\",\"urlTemplate\":\"https:\/\/nhinhi.azdigi.shop\/?s={search_term_string}\"},\"query-input\":{\"@type\":\"PropertyValueSpecification\",\"valueRequired\":true,\"valueName\":\"search_term_string\"}}],\"inLanguage\":\"en-US\"}]}<\/script>\n<!-- \/ Yoast SEO plugin. -->","yoast_head_json":{"title":"C\u1eb7p Nh\u1eabn C\u01b0\u1edbi Kim C\u01b0\u01a1ng - Elira Boutique","description":"C\u1eb7p nh\u1eabn c\u01b0\u1edbi kim c\u01b0\u01a1ng \u0111\u1eb9p sang tr\u1ecdng, bi\u1ec3u t\u01b0\u1ee3ng t\u00ecnh y\u00eau v\u0129nh c\u1eedu v\u00e0 h\u1ea1nh ph\u00fac l\u00e2u d\u00e0i. Kh\u00e1m ph\u00e1 ngay xu h\u01b0\u1edbng nh\u1eabn c\u01b0\u1edbi m\u1edbi.","robots":{"index":"index","follow":"follow","max-snippet":"max-snippet:-1","max-image-preview":"max-image-preview:large","max-video-preview":"max-video-preview:-1"},"canonical":"https:\/\/nhinhi.azdigi.shop\/index.php\/san-pham\/cap-nhan-cuoi-kim-cuong\/","og_locale":"en_US","og_type":"article","og_title":"C\u1eb7p Nh\u1eabn C\u01b0\u1edbi Kim C\u01b0\u01a1ng - Elira Boutique","og_description":"C\u1eb7p nh\u1eabn c\u01b0\u1edbi kim c\u01b0\u01a1ng \u0111\u1eb9p sang tr\u1ecdng, bi\u1ec3u t\u01b0\u1ee3ng t\u00ecnh y\u00eau v\u0129nh c\u1eedu v\u00e0 h\u1ea1nh ph\u00fac l\u00e2u d\u00e0i. Kh\u00e1m ph\u00e1 ngay xu h\u01b0\u1edbng nh\u1eabn c\u01b0\u1edbi m\u1edbi.","og_url":"https:\/\/nhinhi.azdigi.shop\/index.php\/san-pham\/cap-nhan-cuoi-kim-cuong\/","og_site_name":"Elira Boutique","article_modified_time":"2026-04-12T06:21:08+00:00","og_image":[{"width":735,"height":293,"url":"https:\/\/nhinhi.azdigi.shop\/wp-content\/uploads\/2026\/03\/z7669102618323_fbbeb2650338707c9b58a3320b63c1e5.jpg","type":"image\/jpeg"}],"twitter_card":"summary_large_image","twitter_misc":{"Est. reading time":"3 minutes"},"schema":{"@context":"https:\/\/schema.org","@graph":[{"@type":"WebPage","@id":"https:\/\/nhinhi.azdigi.shop\/index.php\/san-pham\/cap-nhan-cuoi-kim-cuong\/","url":"https:\/\/nhinhi.azdigi.shop\/index.php\/san-pham\/cap-nhan-cuoi-kim-cuong\/","name":"C\u1eb7p Nh\u1eabn C\u01b0\u1edbi Kim C\u01b0\u01a1ng - Elira Boutique","isPartOf":{"@id":"https:\/\/nhinhi.azdigi.shop\/#website"},"primaryImageOfPage":{"@id":"https:\/\/nhinhi.azdigi.shop\/index.php\/san-pham\/cap-nhan-cuoi-kim-cuong\/#primaryimage"},"image":{"@id":"https:\/\/nhinhi.azdigi.shop\/index.php\/san-pham\/cap-nhan-cuoi-kim-cuong\/#primaryimage"},"thumbnailUrl":"https:\/\/nhinhi.azdigi.shop\/wp-content\/uploads\/2026\/03\/z7669102618323_fbbeb2650338707c9b58a3320b63c1e5.jpg","datePublished":"2026-04-04T10:48:37+00:00","dateModified":"2026-04-12T06:21:08+00:00","description":"C\u1eb7p nh\u1eabn c\u01b0\u1edbi kim c\u01b0\u01a1ng \u0111\u1eb9p sang tr\u1ecdng, bi\u1ec3u t\u01b0\u1ee3ng t\u00ecnh y\u00eau v\u0129nh c\u1eedu v\u00e0 h\u1ea1nh ph\u00fac l\u00e2u d\u00e0i. Kh\u00e1m ph\u00e1 ngay xu h\u01b0\u1edbng nh\u1eabn c\u01b0\u1edbi m\u1edbi.","breadcrumb":{"@id":"https:\/\/nhinhi.azdigi.shop\/index.php\/san-pham\/cap-nhan-cuoi-kim-cuong\/#breadcrumb"},"inLanguage":"en-US","potentialAction":[{"@type":"ReadAction","target":["https:\/\/nhinhi.azdigi.shop\/index.php\/san-pham\/cap-nhan-cuoi-kim-cuong\/"]}]},{"@type":"ImageObject","inLanguage":"en-US","@id":"https:\/\/nhinhi.azdigi.shop\/index.php\/san-pham\/cap-nhan-cuoi-kim-cuong\/#primaryimage","url":"https:\/\/nhinhi.azdigi.shop\/wp-content\/uploads\/2026\/03\/z7669102618323_fbbeb2650338707c9b58a3320b63c1e5.jpg","contentUrl":"https:\/\/nhinhi.azdigi.shop\/wp-content\/uploads\/2026\/03\/z7669102618323_fbbeb2650338707c9b58a3320b63c1e5.jpg","width":735,"height":293},{"@type":"BreadcrumbList","@id":"https:\/\/nhinhi.azdigi.shop\/index.php\/san-pham\/cap-nhan-cuoi-kim-cuong\/#breadcrumb","itemListElement":[{"@type":"ListItem","position":1,"name":"Trang ch\u1ee7","item":"https:\/\/nhinhi.azdigi.shop\/"},{"@type":"ListItem","position":2,"name":"Shop","item":"https:\/\/nhinhi.azdigi.shop\/index.php\/shop\/"},{"@type":"ListItem","position":3,"name":"C\u1eb7p Nh\u1eabn C\u01b0\u1edbi Kim C\u01b0\u01a1ng"}]},{"@type":"WebSite","@id":"https:\/\/nhinhi.azdigi.shop\/#website","url":"https:\/\/nhinhi.azdigi.shop\/","name":"Elira Boutique","description":"","potentialAction":[{"@type":"SearchAction","target":{"@type":"EntryPoint","urlTemplate":"https:\/\/nhinhi.azdigi.shop\/?s={search_term_string}"},"query-input":{"@type":"PropertyValueSpecification","valueRequired":true,"valueName":"search_term_string"}}],"inLanguage":"en-US"}]}},"_links":{"self":[{"href":"https:\/\/nhinhi.azdigi.shop\/index.php\/wp-json\/wp\/v2\/product\/297","targetHints":{"allow":["GET"]}}],"collection":[{"href":"https:\/\/nhinhi.azdigi.shop\/index.php\/wp-json\/wp\/v2\/product"}],"about":[{"href":"https:\/\/nhinhi.azdigi.shop\/index.php\/wp-json\/wp\/v2\/types\/product"}],"replies":[{"embeddable":true,"href":"https:\/\/nhinhi.azdigi.shop\/index.php\/wp-json\/wp\/v2\/comments?post=297"}],"wp:featuredmedia":[{"embeddable":true,"href":"https:\/\/nhinhi.azdigi.shop\/index.php\/wp-json\/wp\/v2\/media\/271"}],"wp:attachment":[{"href":"https:\/\/nhinhi.azdigi.shop\/index.php\/wp-json\/wp\/v2\/media?parent=297"}],"wp:term":[{"taxonomy":"product_brand","embeddable":true,"href":"https:\/\/nhinhi.azdigi.shop\/index.php\/wp-json\/wp\/v2\/product_brand?post=297"},{"taxonomy":"product_cat","embeddable":true,"href":"https:\/\/nhinhi.azdigi.shop\/index.php\/wp-json\/wp\/v2\/product_cat?post=297"},{"taxonomy":"product_tag","embeddable":true,"href":"https:\/\/nhinhi.azdigi.shop\/index.php\/wp-json\/wp\/v2\/product_tag?post=297"}],"curies":[{"name":"wp","href":"https:\/\/api.w.org\/{rel}","templated":true}]}}