{"id":250,"date":"2026-03-26T12:51:02","date_gmt":"2026-03-26T12:51:02","guid":{"rendered":"https:\/\/nhinhi.azdigi.shop\/?post_type=product&#038;p=250"},"modified":"2026-04-12T06:24:48","modified_gmt":"2026-04-12T06:24:48","slug":"bong-tai-thien-nga-trang","status":"publish","type":"product","link":"https:\/\/nhinhi.azdigi.shop\/index.php\/san-pham\/bong-tai-thien-nga-trang\/","title":{"rendered":"B\u00f4ng Tai Thi\u00ean Nga Tr\u1eafng"},"content":{"rendered":"<p data-start=\"349\" data-end=\"646\">B\u00f4ng tai thi\u00ean nga tr\u1eafng l\u00e0 m\u1ed9t trong nh\u1eefng m\u1eabu trang s\u1ee9c \u0111\u01b0\u1ee3c y\u00eau th\u00edch nh\u1ea5t hi\u1ec7n nay nh\u1edd thi\u1ebft k\u1ebf tinh t\u1ebf v\u00e0 \u00fd ngh\u0129a s\u00e2u s\u1eafc. V\u1edbi h\u00ecnh \u1ea3nh thi\u00ean nga bi\u1ec3u t\u01b0\u1ee3ng cho s\u1ef1 thanh l\u1ecbch v\u00e0 t\u00ecnh y\u00eau thu\u1ea7n khi\u1ebft, b\u00f4ng tai thi\u00ean nga tr\u1eafng kh\u00f4ng ch\u1ec9 l\u00e0 ph\u1ee5 ki\u1ec7n m\u00e0 c\u00f2n l\u00e0 \u0111i\u1ec3m nh\u1ea5n gi\u00fap b\u1ea1n tr\u1edf n\u00ean n\u1ed5i b\u1eadt.<\/p>\n<h2 data-section-id=\"n2dxfc\" data-start=\"648\" data-end=\"683\">B\u00f4ng tai thi\u00ean nga tr\u1eafng l\u00e0 g\u00ec<\/h2>\n<p data-start=\"684\" data-end=\"909\">B\u00f4ng tai thi\u00ean nga tr\u1eafng l\u00e0 m\u1eabu b\u00f4ng tai \u0111\u01b0\u1ee3c thi\u1ebft k\u1ebf theo h\u00ecnh d\u00e1ng thi\u00ean nga, th\u01b0\u1eddng s\u1eed d\u1ee5ng ch\u1ea5t li\u1ec7u cao c\u1ea5p nh\u01b0 b\u1ea1c, v\u00e0ng ho\u1eb7c \u0111\u00ednh \u0111\u00e1 tr\u1eafng l\u1ea5p l\u00e1nh. Thi\u1ebft k\u1ebf n\u00e0y mang \u0111\u1ebfn v\u1ebb \u0111\u1eb9p nh\u1eb9 nh\u00e0ng nh\u01b0ng v\u1eabn v\u00f4 c\u00f9ng sang tr\u1ecdng.<\/p>\n<h2 data-section-id=\"19dysem\" data-start=\"911\" data-end=\"952\">\u00dd ngh\u0129a c\u1ee7a b\u00f4ng tai thi\u00ean nga tr\u1eafng<\/h2>\n<p data-start=\"953\" data-end=\"1010\">H\u00ecnh \u1ea3nh thi\u00ean nga t\u1eeb l\u00e2u \u0111\u00e3 mang nhi\u1ec1u \u00fd ngh\u0129a \u0111\u1eb7c bi\u1ec7t:<\/p>\n<ul data-start=\"1012\" data-end=\"1134\">\n<li data-section-id=\"my4veb\" data-start=\"1012\" data-end=\"1050\">Bi\u1ec3u t\u01b0\u1ee3ng c\u1ee7a t\u00ecnh y\u00eau chung th\u1ee7y<\/li>\n<li data-section-id=\"m3jpwl\" data-start=\"1051\" data-end=\"1081\">\u0110\u1ea1i di\u1ec7n cho s\u1ef1 thanh l\u1ecbch<\/li>\n<li data-section-id=\"cwskai\" data-start=\"1082\" data-end=\"1109\">Th\u1ec3 hi\u1ec7n v\u1ebb \u0111\u1eb9p tinh t\u1ebf<\/li>\n<li data-section-id=\"dveexs\" data-start=\"1110\" data-end=\"1134\">Mang \u00fd ngh\u0129a may m\u1eafn<\/li>\n<\/ul>\n<p data-start=\"1136\" data-end=\"1236\">\u0110eo b\u00f4ng tai thi\u00ean nga tr\u1eafng kh\u00f4ng ch\u1ec9 gi\u00fap b\u1ea1n \u0111\u1eb9p h\u01a1n m\u00e0 c\u00f2n th\u1ec3 hi\u1ec7n phong c\u00e1ch v\u00e0 c\u00e1 t\u00ednh ri\u00eang.<\/p>\n<h2 data-section-id=\"12z8zye\" data-start=\"1238\" data-end=\"1289\">V\u00ec sao b\u00f4ng tai thi\u00ean nga tr\u1eafng \u0111\u01b0\u1ee3c \u01b0a chu\u1ed9ng<\/h2>\n<p data-start=\"1290\" data-end=\"1348\">Hi\u1ec7n nay, b\u00f4ng tai thi\u00ean nga tr\u1eafng r\u1ea5t \u0111\u01b0\u1ee3c y\u00eau th\u00edch b\u1edfi:<\/p>\n<ul data-start=\"1350\" data-end=\"1465\">\n<li data-section-id=\"np01w5\" data-start=\"1350\" data-end=\"1380\">Thi\u1ebft k\u1ebf \u0111\u1ed9c \u0111\u00e1o, tinh x\u1ea3o<\/li>\n<li data-section-id=\"2uttk6\" data-start=\"1381\" data-end=\"1413\">D\u1ec5 ph\u1ed1i v\u1edbi nhi\u1ec1u trang ph\u1ee5c<\/li>\n<li data-section-id=\"16zlsu4\" data-start=\"1414\" data-end=\"1439\">Ph\u00f9 h\u1ee3p nhi\u1ec1u \u0111\u1ed9 tu\u1ed5i<\/li>\n<li data-section-id=\"1dyiz44\" data-start=\"1440\" data-end=\"1465\">Mang \u00fd ngh\u0129a \u0111\u1eb7c bi\u1ec7t<\/li>\n<\/ul>\n<h2 data-section-id=\"1fch284\" data-start=\"1467\" data-end=\"1514\">C\u00e1ch ch\u1ecdn b\u00f4ng tai thi\u00ean nga tr\u1eafng ph\u00f9 h\u1ee3p<\/h2>\n<h3 data-section-id=\"bmqr11\" data-start=\"1516\" data-end=\"1541\">Ch\u1ecdn theo ch\u1ea5t li\u1ec7u<\/h3>\n<ul data-start=\"1542\" data-end=\"1604\">\n<li data-section-id=\"91vl5n\" data-start=\"1542\" data-end=\"1562\">B\u1ea1c: nh\u1eb9, d\u1ec5 \u0111eo<\/li>\n<li data-section-id=\"ock36c\" data-start=\"1563\" data-end=\"1583\">V\u00e0ng: sang tr\u1ecdng<\/li>\n<li data-section-id=\"16jeots\" data-start=\"1584\" data-end=\"1604\">\u0110\u00ednh \u0111\u00e1: n\u1ed5i b\u1eadt<\/li>\n<\/ul>\n<h3 data-section-id=\"ltw5m7\" data-start=\"1606\" data-end=\"1632\">Ch\u1ecdn theo phong c\u00e1ch<\/h3>\n<ul data-start=\"1633\" data-end=\"1694\">\n<li data-section-id=\"pk1uds\" data-start=\"1633\" data-end=\"1660\">Nh\u1eb9 nh\u00e0ng: ch\u1ecdn m\u1eabu nh\u1ecf<\/li>\n<li data-section-id=\"15l3k2b\" data-start=\"1661\" data-end=\"1694\">N\u1ed5i b\u1eadt: ch\u1ecdn m\u1eabu \u0111\u00ednh \u0111\u00e1 l\u1edbn<\/li>\n<\/ul>\n<h3 data-section-id=\"13pk4xm\" data-start=\"1696\" data-end=\"1721\">Ch\u1ecdn theo khu\u00f4n m\u1eb7t<\/h3>\n<ul data-start=\"1722\" data-end=\"1784\">\n<li data-section-id=\"hagt4w\" data-start=\"1722\" data-end=\"1753\">M\u1eb7t tr\u00f2n: ch\u1ecdn b\u00f4ng tai d\u00e0i<\/li>\n<li data-section-id=\"kdawvn\" data-start=\"1754\" data-end=\"1784\">M\u1eb7t d\u00e0i: ch\u1ecdn b\u00f4ng tai nh\u1ecf<\/li>\n<\/ul>\n<h2 data-section-id=\"1dul575\" data-start=\"1786\" data-end=\"1829\">C\u00e1ch b\u1ea3o qu\u1ea3n b\u00f4ng tai thi\u00ean nga tr\u1eafng<\/h2>\n<p data-start=\"1830\" data-end=\"1860\">\u0110\u1ec3 gi\u1eef b\u00f4ng tai lu\u00f4n s\u00e1ng \u0111\u1eb9p:<\/p>\n<ul data-start=\"1862\" data-end=\"1947\">\n<li data-section-id=\"gik8re\" data-start=\"1862\" data-end=\"1889\">Tr\u00e1nh ti\u1ebfp x\u00fac h\u00f3a ch\u1ea5t<\/li>\n<li data-section-id=\"leqmya\" data-start=\"1890\" data-end=\"1918\">Lau s\u1ea1ch sau khi s\u1eed d\u1ee5ng<\/li>\n<li data-section-id=\"18ynaxi\" data-start=\"1919\" data-end=\"1947\">B\u1ea3o qu\u1ea3n trong h\u1ed9p ri\u00eang<\/li>\n<\/ul>\n<h2 data-section-id=\"1nz3c92\" data-start=\"1949\" data-end=\"1996\">Xu h\u01b0\u1edbng b\u00f4ng tai thi\u00ean nga tr\u1eafng hi\u1ec7n nay<\/h2>\n<p data-start=\"1997\" data-end=\"2176\">Hi\u1ec7n nay, b\u00f4ng tai thi\u00ean nga tr\u1eafng theo phong c\u00e1ch t\u1ed1i gi\u1ea3n nh\u01b0ng tinh t\u1ebf \u0111ang r\u1ea5t \u0111\u01b0\u1ee3c \u01b0a chu\u1ed9ng. Ngo\u00e0i ra, c\u00e1c m\u1eabu \u0111\u00ednh \u0111\u00e1 nh\u1ecf ho\u1eb7c thi\u1ebft k\u1ebf thanh m\u1ea3nh c\u0169ng l\u00e0 xu h\u01b0\u1edbng n\u1ed5i b\u1eadt.<\/p>\n<p data-start=\"2178\" data-end=\"2308\">\ud83d\udc49 Xem th\u00eam: \/bong-tai-vang-cao-cap<br data-start=\"2213\" data-end=\"2216\" \/>\ud83d\udc49 Kh\u00e1m ph\u00e1: \/trang-suc-sang-chanh<br data-start=\"2250\" data-end=\"2253\" \/>\ud83d\udc49 Tham kh\u1ea3o: <a class=\"decorated-link\" href=\"https:\/\/vi.wikipedia.org\/wiki\/Trang_s%E1%BB%A9c\" target=\"_new\" rel=\"noopener\" data-start=\"2267\" data-end=\"2306\">https:\/\/vi.wikipedia.org\/wiki\/Trang_s\u1ee9c<\/a><\/p>\n<p data-start=\"2310\" data-end=\"2412\">B\u00f4ng tai thi\u00ean nga tr\u1eafng kh\u00f4ng ch\u1ec9 gi\u00fap b\u1ea1n n\u1ed5i b\u1eadt m\u00e0 c\u00f2n th\u1ec3 hi\u1ec7n phong c\u00e1ch thanh l\u1ecbch v\u00e0 hi\u1ec7n \u0111\u1ea1i.<\/p>\n","protected":false},"excerpt":{"rendered":"<p>B\u00f4ng tai thi\u00ean nga tr\u1eafng l\u00e0 m\u1eabu b\u00f4ng tai \u0111\u01b0\u1ee3c thi\u1ebft k\u1ebf theo h\u00ecnh d\u00e1ng thi\u00ean nga<\/p>\n","protected":false},"featured_media":245,"comment_status":"open","ping_status":"closed","template":"","meta":[],"product_brand":[],"product_cat":[16],"product_tag":[],"class_list":{"0":"post-250","1":"product","2":"type-product","3":"status-publish","4":"has-post-thumbnail","6":"product_cat-chua-phan-loai","8":"first","9":"instock","10":"shipping-taxable","11":"purchasable","12":"product-type-variable"},"yoast_head":"<!-- This site is optimized with the Yoast SEO plugin v27.2 - https:\/\/yoast.com\/product\/yoast-seo-wordpress\/ -->\n<title>B\u00f4ng Tai Thi\u00ean Nga Tr\u1eafng - Elira Boutique<\/title>\n<meta name=\"description\" content=\"B\u00f4ng tai thi\u00ean nga tr\u1eafng \u0111\u1eb9p tinh t\u1ebf, thi\u1ebft k\u1ebf sang tr\u1ecdng v\u00e0 d\u1ec5 ph\u1ed1i \u0111\u1ed3. Kh\u00e1m ph\u00e1 ngay xu h\u01b0\u1edbng trang s\u1ee9c hot nh\u1ea5t hi\u1ec7n nay.\" \/>\n<meta name=\"robots\" content=\"index, follow, max-snippet:-1, max-image-preview:large, max-video-preview:-1\" \/>\n<link rel=\"canonical\" href=\"https:\/\/nhinhi.azdigi.shop\/index.php\/san-pham\/bong-tai-thien-nga-trang\/\" \/>\n<meta property=\"og:locale\" content=\"en_US\" \/>\n<meta property=\"og:type\" content=\"article\" \/>\n<meta property=\"og:title\" content=\"B\u00f4ng Tai Thi\u00ean Nga Tr\u1eafng - Elira Boutique\" \/>\n<meta property=\"og:description\" content=\"B\u00f4ng tai thi\u00ean nga tr\u1eafng \u0111\u1eb9p tinh t\u1ebf, thi\u1ebft k\u1ebf sang tr\u1ecdng v\u00e0 d\u1ec5 ph\u1ed1i \u0111\u1ed3. Kh\u00e1m ph\u00e1 ngay xu h\u01b0\u1edbng trang s\u1ee9c hot nh\u1ea5t hi\u1ec7n nay.\" \/>\n<meta property=\"og:url\" content=\"https:\/\/nhinhi.azdigi.shop\/index.php\/san-pham\/bong-tai-thien-nga-trang\/\" \/>\n<meta property=\"og:site_name\" content=\"Elira Boutique\" \/>\n<meta property=\"article:modified_time\" content=\"2026-04-12T06:24:48+00:00\" \/>\n<meta property=\"og:image\" content=\"https:\/\/nhinhi.azdigi.shop\/wp-content\/uploads\/2026\/03\/images.jpg\" \/>\n\t<meta property=\"og:image:width\" content=\"192\" \/>\n\t<meta property=\"og:image:height\" content=\"192\" \/>\n\t<meta property=\"og:image:type\" content=\"image\/jpeg\" \/>\n<meta name=\"twitter:card\" content=\"summary_large_image\" \/>\n<meta name=\"twitter:label1\" content=\"Est. reading time\" \/>\n\t<meta name=\"twitter:data1\" content=\"2 minutes\" \/>\n<script type=\"application\/ld+json\" class=\"yoast-schema-graph\">{\"@context\":\"https:\/\/schema.org\",\"@graph\":[{\"@type\":\"WebPage\",\"@id\":\"https:\/\/nhinhi.azdigi.shop\/index.php\/san-pham\/bong-tai-thien-nga-trang\/\",\"url\":\"https:\/\/nhinhi.azdigi.shop\/index.php\/san-pham\/bong-tai-thien-nga-trang\/\",\"name\":\"B\u00f4ng Tai Thi\u00ean Nga Tr\u1eafng - Elira Boutique\",\"isPartOf\":{\"@id\":\"https:\/\/nhinhi.azdigi.shop\/#website\"},\"primaryImageOfPage\":{\"@id\":\"https:\/\/nhinhi.azdigi.shop\/index.php\/san-pham\/bong-tai-thien-nga-trang\/#primaryimage\"},\"image\":{\"@id\":\"https:\/\/nhinhi.azdigi.shop\/index.php\/san-pham\/bong-tai-thien-nga-trang\/#primaryimage\"},\"thumbnailUrl\":\"https:\/\/nhinhi.azdigi.shop\/wp-content\/uploads\/2026\/03\/images.jpg\",\"datePublished\":\"2026-03-26T12:51:02+00:00\",\"dateModified\":\"2026-04-12T06:24:48+00:00\",\"description\":\"B\u00f4ng tai thi\u00ean nga tr\u1eafng \u0111\u1eb9p tinh t\u1ebf, thi\u1ebft k\u1ebf sang tr\u1ecdng v\u00e0 d\u1ec5 ph\u1ed1i \u0111\u1ed3. Kh\u00e1m ph\u00e1 ngay xu h\u01b0\u1edbng trang s\u1ee9c hot nh\u1ea5t hi\u1ec7n nay.\",\"breadcrumb\":{\"@id\":\"https:\/\/nhinhi.azdigi.shop\/index.php\/san-pham\/bong-tai-thien-nga-trang\/#breadcrumb\"},\"inLanguage\":\"en-US\",\"potentialAction\":[{\"@type\":\"ReadAction\",\"target\":[\"https:\/\/nhinhi.azdigi.shop\/index.php\/san-pham\/bong-tai-thien-nga-trang\/\"]}]},{\"@type\":\"ImageObject\",\"inLanguage\":\"en-US\",\"@id\":\"https:\/\/nhinhi.azdigi.shop\/index.php\/san-pham\/bong-tai-thien-nga-trang\/#primaryimage\",\"url\":\"https:\/\/nhinhi.azdigi.shop\/wp-content\/uploads\/2026\/03\/images.jpg\",\"contentUrl\":\"https:\/\/nhinhi.azdigi.shop\/wp-content\/uploads\/2026\/03\/images.jpg\",\"width\":192,\"height\":192},{\"@type\":\"BreadcrumbList\",\"@id\":\"https:\/\/nhinhi.azdigi.shop\/index.php\/san-pham\/bong-tai-thien-nga-trang\/#breadcrumb\",\"itemListElement\":[{\"@type\":\"ListItem\",\"position\":1,\"name\":\"Trang ch\u1ee7\",\"item\":\"https:\/\/nhinhi.azdigi.shop\/\"},{\"@type\":\"ListItem\",\"position\":2,\"name\":\"Shop\",\"item\":\"https:\/\/nhinhi.azdigi.shop\/index.php\/shop\/\"},{\"@type\":\"ListItem\",\"position\":3,\"name\":\"B\u00f4ng Tai Thi\u00ean Nga Tr\u1eafng\"}]},{\"@type\":\"WebSite\",\"@id\":\"https:\/\/nhinhi.azdigi.shop\/#website\",\"url\":\"https:\/\/nhinhi.azdigi.shop\/\",\"name\":\"Elira Boutique\",\"description\":\"\",\"potentialAction\":[{\"@type\":\"SearchAction\",\"target\":{\"@type\":\"EntryPoint\",\"urlTemplate\":\"https:\/\/nhinhi.azdigi.shop\/?s={search_term_string}\"},\"query-input\":{\"@type\":\"PropertyValueSpecification\",\"valueRequired\":true,\"valueName\":\"search_term_string\"}}],\"inLanguage\":\"en-US\"}]}<\/script>\n<!-- \/ Yoast SEO plugin. -->","yoast_head_json":{"title":"B\u00f4ng Tai Thi\u00ean Nga Tr\u1eafng - Elira Boutique","description":"B\u00f4ng tai thi\u00ean nga tr\u1eafng \u0111\u1eb9p tinh t\u1ebf, thi\u1ebft k\u1ebf sang tr\u1ecdng v\u00e0 d\u1ec5 ph\u1ed1i \u0111\u1ed3. Kh\u00e1m ph\u00e1 ngay xu h\u01b0\u1edbng trang s\u1ee9c hot nh\u1ea5t hi\u1ec7n nay.","robots":{"index":"index","follow":"follow","max-snippet":"max-snippet:-1","max-image-preview":"max-image-preview:large","max-video-preview":"max-video-preview:-1"},"canonical":"https:\/\/nhinhi.azdigi.shop\/index.php\/san-pham\/bong-tai-thien-nga-trang\/","og_locale":"en_US","og_type":"article","og_title":"B\u00f4ng Tai Thi\u00ean Nga Tr\u1eafng - Elira Boutique","og_description":"B\u00f4ng tai thi\u00ean nga tr\u1eafng \u0111\u1eb9p tinh t\u1ebf, thi\u1ebft k\u1ebf sang tr\u1ecdng v\u00e0 d\u1ec5 ph\u1ed1i \u0111\u1ed3. Kh\u00e1m ph\u00e1 ngay xu h\u01b0\u1edbng trang s\u1ee9c hot nh\u1ea5t hi\u1ec7n nay.","og_url":"https:\/\/nhinhi.azdigi.shop\/index.php\/san-pham\/bong-tai-thien-nga-trang\/","og_site_name":"Elira Boutique","article_modified_time":"2026-04-12T06:24:48+00:00","og_image":[{"width":192,"height":192,"url":"https:\/\/nhinhi.azdigi.shop\/wp-content\/uploads\/2026\/03\/images.jpg","type":"image\/jpeg"}],"twitter_card":"summary_large_image","twitter_misc":{"Est. reading time":"2 minutes"},"schema":{"@context":"https:\/\/schema.org","@graph":[{"@type":"WebPage","@id":"https:\/\/nhinhi.azdigi.shop\/index.php\/san-pham\/bong-tai-thien-nga-trang\/","url":"https:\/\/nhinhi.azdigi.shop\/index.php\/san-pham\/bong-tai-thien-nga-trang\/","name":"B\u00f4ng Tai Thi\u00ean Nga Tr\u1eafng - Elira Boutique","isPartOf":{"@id":"https:\/\/nhinhi.azdigi.shop\/#website"},"primaryImageOfPage":{"@id":"https:\/\/nhinhi.azdigi.shop\/index.php\/san-pham\/bong-tai-thien-nga-trang\/#primaryimage"},"image":{"@id":"https:\/\/nhinhi.azdigi.shop\/index.php\/san-pham\/bong-tai-thien-nga-trang\/#primaryimage"},"thumbnailUrl":"https:\/\/nhinhi.azdigi.shop\/wp-content\/uploads\/2026\/03\/images.jpg","datePublished":"2026-03-26T12:51:02+00:00","dateModified":"2026-04-12T06:24:48+00:00","description":"B\u00f4ng tai thi\u00ean nga tr\u1eafng \u0111\u1eb9p tinh t\u1ebf, thi\u1ebft k\u1ebf sang tr\u1ecdng v\u00e0 d\u1ec5 ph\u1ed1i \u0111\u1ed3. Kh\u00e1m ph\u00e1 ngay xu h\u01b0\u1edbng trang s\u1ee9c hot nh\u1ea5t hi\u1ec7n nay.","breadcrumb":{"@id":"https:\/\/nhinhi.azdigi.shop\/index.php\/san-pham\/bong-tai-thien-nga-trang\/#breadcrumb"},"inLanguage":"en-US","potentialAction":[{"@type":"ReadAction","target":["https:\/\/nhinhi.azdigi.shop\/index.php\/san-pham\/bong-tai-thien-nga-trang\/"]}]},{"@type":"ImageObject","inLanguage":"en-US","@id":"https:\/\/nhinhi.azdigi.shop\/index.php\/san-pham\/bong-tai-thien-nga-trang\/#primaryimage","url":"https:\/\/nhinhi.azdigi.shop\/wp-content\/uploads\/2026\/03\/images.jpg","contentUrl":"https:\/\/nhinhi.azdigi.shop\/wp-content\/uploads\/2026\/03\/images.jpg","width":192,"height":192},{"@type":"BreadcrumbList","@id":"https:\/\/nhinhi.azdigi.shop\/index.php\/san-pham\/bong-tai-thien-nga-trang\/#breadcrumb","itemListElement":[{"@type":"ListItem","position":1,"name":"Trang ch\u1ee7","item":"https:\/\/nhinhi.azdigi.shop\/"},{"@type":"ListItem","position":2,"name":"Shop","item":"https:\/\/nhinhi.azdigi.shop\/index.php\/shop\/"},{"@type":"ListItem","position":3,"name":"B\u00f4ng Tai Thi\u00ean Nga Tr\u1eafng"}]},{"@type":"WebSite","@id":"https:\/\/nhinhi.azdigi.shop\/#website","url":"https:\/\/nhinhi.azdigi.shop\/","name":"Elira Boutique","description":"","potentialAction":[{"@type":"SearchAction","target":{"@type":"EntryPoint","urlTemplate":"https:\/\/nhinhi.azdigi.shop\/?s={search_term_string}"},"query-input":{"@type":"PropertyValueSpecification","valueRequired":true,"valueName":"search_term_string"}}],"inLanguage":"en-US"}]}},"_links":{"self":[{"href":"https:\/\/nhinhi.azdigi.shop\/index.php\/wp-json\/wp\/v2\/product\/250","targetHints":{"allow":["GET"]}}],"collection":[{"href":"https:\/\/nhinhi.azdigi.shop\/index.php\/wp-json\/wp\/v2\/product"}],"about":[{"href":"https:\/\/nhinhi.azdigi.shop\/index.php\/wp-json\/wp\/v2\/types\/product"}],"replies":[{"embeddable":true,"href":"https:\/\/nhinhi.azdigi.shop\/index.php\/wp-json\/wp\/v2\/comments?post=250"}],"wp:featuredmedia":[{"embeddable":true,"href":"https:\/\/nhinhi.azdigi.shop\/index.php\/wp-json\/wp\/v2\/media\/245"}],"wp:attachment":[{"href":"https:\/\/nhinhi.azdigi.shop\/index.php\/wp-json\/wp\/v2\/media?parent=250"}],"wp:term":[{"taxonomy":"product_brand","embeddable":true,"href":"https:\/\/nhinhi.azdigi.shop\/index.php\/wp-json\/wp\/v2\/product_brand?post=250"},{"taxonomy":"product_cat","embeddable":true,"href":"https:\/\/nhinhi.azdigi.shop\/index.php\/wp-json\/wp\/v2\/product_cat?post=250"},{"taxonomy":"product_tag","embeddable":true,"href":"https:\/\/nhinhi.azdigi.shop\/index.php\/wp-json\/wp\/v2\/product_tag?post=250"}],"curies":[{"name":"wp","href":"https:\/\/api.w.org\/{rel}","templated":true}]}}