{"id":173,"date":"2026-03-22T04:04:17","date_gmt":"2026-03-22T04:04:17","guid":{"rendered":"https:\/\/nhinhi.azdigi.shop\/?post_type=product&#038;p=173"},"modified":"2026-04-12T03:40:22","modified_gmt":"2026-04-12T03:40:22","slug":"cap-nhan-cuoi","status":"publish","type":"product","link":"https:\/\/nhinhi.azdigi.shop\/index.php\/san-pham\/cap-nhan-cuoi\/","title":{"rendered":"C\u1eb7p nh\u1eabn c\u01b0\u1edbi"},"content":{"rendered":"<p data-start=\"317\" data-end=\"521\">C\u1eb7p nh\u1eabn c\u01b0\u1edbi l\u00e0 m\u00f3n trang s\u1ee9c quan tr\u1ecdng trong ng\u00e0y tr\u1ecdng \u0111\u1ea1i c\u1ee7a m\u1ed7i c\u1eb7p \u0111\u00f4i. Kh\u00f4ng ch\u1ec9 \u0111\u01a1n gi\u1ea3n l\u00e0 ph\u1ee5 ki\u1ec7n, c\u1eb7p nh\u1eabn c\u01b0\u1edbi c\u00f2n mang \u00fd ngh\u0129a v\u1ec1 s\u1ef1 g\u1eafn b\u00f3, y\u00eau th\u01b0\u01a1ng v\u00e0 \u0111\u1ed3ng h\u00e0nh l\u00e2u d\u00e0i trong h\u00f4n nh\u00e2n.<\/p>\n<h2 data-section-id=\"1k02xd0\" data-start=\"523\" data-end=\"547\">C\u1eb7p nh\u1eabn c\u01b0\u1edbi l\u00e0 g\u00ec<\/h2>\n<p data-start=\"548\" data-end=\"713\">C\u1eb7p nh\u1eabn c\u01b0\u1edbi l\u00e0 hai chi\u1ebfc nh\u1eabn d\u00e0nh cho c\u00f4 d\u00e2u v\u00e0 ch\u00fa r\u1ec3, th\u01b0\u1eddng c\u00f3 thi\u1ebft k\u1ebf gi\u1ed1ng ho\u1eb7c t\u01b0\u01a1ng \u0111\u1ed3ng. \u0110\u00e2y l\u00e0 v\u1eadt t\u01b0\u1ee3ng tr\u01b0ng cho l\u1eddi h\u1ee9a v\u00e0 s\u1ef1 cam k\u1ebft gi\u1eefa hai ng\u01b0\u1eddi.<\/p>\n<h2 data-section-id=\"18oqgj6\" data-start=\"715\" data-end=\"745\">\u00dd ngh\u0129a c\u1ee7a c\u1eb7p nh\u1eabn c\u01b0\u1edbi<\/h2>\n<p data-start=\"746\" data-end=\"787\">C\u1eb7p nh\u1eabn c\u01b0\u1edbi mang nhi\u1ec1u \u00fd ngh\u0129a s\u00e2u s\u1eafc:<\/p>\n<ul data-start=\"789\" data-end=\"928\">\n<li data-section-id=\"gtvn7u\" data-start=\"789\" data-end=\"823\">\u0110\u1ea1i di\u1ec7n cho t\u00ecnh y\u00eau v\u0129nh c\u1eedu<\/li>\n<li data-section-id=\"1jxcpew\" data-start=\"824\" data-end=\"850\">Th\u1ec3 hi\u1ec7n s\u1ef1 chung th\u1ee7y<\/li>\n<li data-section-id=\"1mezjlb\" data-start=\"851\" data-end=\"891\">L\u00e0 d\u1ea5u m\u1ed1c quan tr\u1ecdng trong cu\u1ed9c \u0111\u1eddi<\/li>\n<li data-section-id=\"1lld4jf\" data-start=\"892\" data-end=\"928\">G\u1eafn k\u1ebft hai ng\u01b0\u1eddi trong h\u00f4n nh\u00e2n<\/li>\n<\/ul>\n<p data-start=\"930\" data-end=\"1008\">H\u00ecnh tr\u00f2n c\u1ee7a nh\u1eabn c\u0169ng t\u01b0\u1ee3ng tr\u01b0ng cho s\u1ef1 tr\u1ecdn v\u1eb9n v\u00e0 kh\u00f4ng c\u00f3 \u0111i\u1ec3m k\u1ebft th\u00fac.<\/p>\n<h2 data-section-id=\"1v62ace\" data-start=\"1010\" data-end=\"1046\">C\u00e1c lo\u1ea1i c\u1eb7p nh\u1eabn c\u01b0\u1edbi ph\u1ed5 bi\u1ebfn<\/h2>\n<h3 data-section-id=\"k57yr1\" data-start=\"1048\" data-end=\"1068\">Nh\u1eabn c\u01b0\u1edbi tr\u01a1n<\/h3>\n<p data-start=\"1069\" data-end=\"1105\">Thi\u1ebft k\u1ebf \u0111\u01a1n gi\u1ea3n, d\u1ec5 \u0111eo h\u00e0ng ng\u00e0y.<\/p>\n<h3 data-section-id=\"1725vu6\" data-start=\"1107\" data-end=\"1130\">Nh\u1eabn c\u01b0\u1edbi \u0111\u00ednh \u0111\u00e1<\/h3>\n<p data-start=\"1131\" data-end=\"1183\">Ph\u00f9 h\u1ee3p v\u1edbi nh\u1eefng ai th\u00edch s\u1ef1 n\u1ed5i b\u1eadt v\u00e0 sang tr\u1ecdng.<\/p>\n<h3 data-section-id=\"8qhoft\" data-start=\"1185\" data-end=\"1209\">Nh\u1eabn c\u01b0\u1edbi v\u00e0ng 18K<\/h3>\n<p data-start=\"1210\" data-end=\"1255\">\u0110\u01b0\u1ee3c \u01b0a chu\u1ed9ng v\u00ec \u0111\u1ed9 b\u1ec1n v\u00e0 t\u00ednh th\u1ea9m m\u1ef9 cao.<\/p>\n<h3 data-section-id=\"1qkox7f\" data-start=\"1257\" data-end=\"1283\">Nh\u1eabn c\u01b0\u1edbi v\u00e0ng tr\u1eafng<\/h3>\n<p data-start=\"1284\" data-end=\"1320\">Mang phong c\u00e1ch hi\u1ec7n \u0111\u1ea1i, tr\u1ebb trung.<\/p>\n<h2 data-section-id=\"mm8qd4\" data-start=\"1322\" data-end=\"1358\">C\u00e1ch ch\u1ecdn c\u1eb7p nh\u1eabn c\u01b0\u1edbi ph\u00f9 h\u1ee3p<\/h2>\n<h3 data-section-id=\"rq461v\" data-start=\"1360\" data-end=\"1383\">Ch\u1ecdn \u0111\u00fang k\u00edch c\u1ee1<\/h3>\n<p data-start=\"1384\" data-end=\"1426\">Nh\u1eabn c\u1ea7n v\u1eeba tay \u0111\u1ec3 \u0111eo tho\u1ea3i m\u00e1i l\u00e2u d\u00e0i.<\/p>\n<h3 data-section-id=\"ltw5m7\" data-start=\"1428\" data-end=\"1454\">Ch\u1ecdn theo phong c\u00e1ch<\/h3>\n<ul data-start=\"1455\" data-end=\"1528\">\n<li data-section-id=\"1v3u7q7\" data-start=\"1455\" data-end=\"1490\">Th\u00edch \u0111\u01a1n gi\u1ea3n \u2192 ch\u1ecdn nh\u1eabn tr\u01a1n<\/li>\n<li data-section-id=\"a09n48\" data-start=\"1491\" data-end=\"1528\">Th\u00edch n\u1ed5i b\u1eadt \u2192 ch\u1ecdn nh\u1eabn \u0111\u00ednh \u0111\u00e1<\/li>\n<\/ul>\n<h3 data-section-id=\"1jd5of8\" data-start=\"1530\" data-end=\"1555\">Ch\u1ecdn theo ng\u00e2n s\u00e1ch<\/h3>\n<p data-start=\"1556\" data-end=\"1615\">B\u1ea1n n\u00ean x\u00e1c \u0111\u1ecbnh m\u1ee9c chi ti\u00eau tr\u01b0\u1edbc khi mua \u0111\u1ec3 d\u1ec5 l\u1ef1a ch\u1ecdn.<\/p>\n<h2 data-section-id=\"1yd23sr\" data-start=\"1617\" data-end=\"1651\">Khi n\u00e0o n\u00ean mua c\u1eb7p nh\u1eabn c\u01b0\u1edbi<\/h2>\n<p data-start=\"1652\" data-end=\"1741\">Th\u1eddi \u0111i\u1ec3m l\u00fd t\u01b0\u1edfng l\u00e0 tr\u01b0\u1edbc ng\u00e0y c\u01b0\u1edbi kho\u1ea3ng 1\u20132 th\u00e1ng \u0111\u1ec3 c\u00f3 th\u1eddi gian ch\u1ec9nh s\u1eeda n\u1ebfu c\u1ea7n.<\/p>\n<h2 data-section-id=\"1upgp59\" data-start=\"1743\" data-end=\"1775\">C\u00e1ch b\u1ea3o qu\u1ea3n c\u1eb7p nh\u1eabn c\u01b0\u1edbi<\/h2>\n<p data-start=\"1776\" data-end=\"1793\">\u0110\u1ec3 nh\u1eabn lu\u00f4n \u0111\u1eb9p:<\/p>\n<ul data-start=\"1795\" data-end=\"1873\">\n<li data-section-id=\"1c03b5k\" data-start=\"1795\" data-end=\"1816\">Tr\u00e1nh va \u0111\u1eadp m\u1ea1nh<\/li>\n<li data-section-id=\"bhgtdx\" data-start=\"1817\" data-end=\"1844\">Kh\u00f4ng ti\u1ebfp x\u00fac h\u00f3a ch\u1ea5t<\/li>\n<li data-section-id=\"leqmya\" data-start=\"1845\" data-end=\"1873\">Lau s\u1ea1ch sau khi s\u1eed d\u1ee5ng<\/li>\n<\/ul>\n<h2 data-section-id=\"cfcayi\" data-start=\"1875\" data-end=\"1911\">Xu h\u01b0\u1edbng c\u1eb7p nh\u1eabn c\u01b0\u1edbi hi\u1ec7n nay<\/h2>\n<p data-start=\"1912\" data-end=\"2095\">Hi\u1ec7n nay, c\u1eb7p nh\u1eabn c\u01b0\u1edbi theo phong c\u00e1ch t\u1ed1i gi\u1ea3n \u0111ang \u0111\u01b0\u1ee3c \u01b0a chu\u1ed9ng v\u00ec d\u1ec5 \u0111eo v\u00e0 kh\u00f4ng l\u1ed7i m\u1ed1t. Ngo\u00e0i ra, nhi\u1ec1u c\u1eb7p \u0111\u00f4i c\u0169ng ch\u1ecdn nh\u1eabn c\u00f3 kh\u1eafc t\u00ean ho\u1eb7c ng\u00e0y c\u01b0\u1edbi \u0111\u1ec3 t\u1ea1o d\u1ea5u \u1ea5n ri\u00eang.<\/p>\n<p data-start=\"2097\" data-end=\"2217\">\ud83d\udc49 Xem th\u00eam: \/cap-nhan-cuoi-kim-cuong<br data-start=\"2134\" data-end=\"2137\" \/>\ud83d\udc49 Kh\u00e1m ph\u00e1: \/nhan-vang-18k<br data-start=\"2164\" data-end=\"2167\" \/>\ud83d\udc49 Tham kh\u1ea3o: <a class=\"decorated-link\" href=\"https:\/\/vi.wikipedia.org\/wiki\/Nh%E1%BA%ABn\" target=\"_new\" rel=\"noopener\" data-start=\"2181\" data-end=\"2215\">https:\/\/vi.wikipedia.org\/wiki\/Nh\u1eabn<\/a><\/p>\n<p data-start=\"2219\" data-end=\"2322\">C\u1eb7p nh\u1eabn c\u01b0\u1edbi kh\u00f4ng ch\u1ec9 l\u00e0 trang s\u1ee9c m\u00e0 c\u00f2n l\u00e0 bi\u1ec3u t\u01b0\u1ee3ng c\u1ee7a t\u00ecnh y\u00eau, s\u1ef1 g\u1eafn b\u00f3 v\u00e0 h\u1ea1nh ph\u00fac l\u00e2u d\u00e0i.<\/p>\n","protected":false},"excerpt":{"rendered":"<p>C\u1eb7p nh\u1eabn c\u01b0\u1edbi \u0111\u1eb9p \u00fd ngh\u0129a, bi\u1ec3u t\u01b0\u1ee3ng t\u00ecnh y\u00eau v\u0129nh c\u1eedu<\/p>\n","protected":false},"featured_media":20,"comment_status":"open","ping_status":"closed","template":"","meta":[],"product_brand":[],"product_cat":[16],"product_tag":[],"class_list":{"0":"post-173","1":"product","2":"type-product","3":"status-publish","4":"has-post-thumbnail","6":"product_cat-chua-phan-loai","8":"first","9":"instock","10":"shipping-taxable","11":"purchasable","12":"product-type-variable"},"yoast_head":"<!-- This site is optimized with the Yoast SEO plugin v27.2 - https:\/\/yoast.com\/product\/yoast-seo-wordpress\/ -->\n<title>C\u1eb7p nh\u1eabn c\u01b0\u1edbi - Elira Boutique<\/title>\n<meta name=\"description\" content=\"C\u1eb7p nh\u1eabn c\u01b0\u1edbi \u0111\u1eb9p \u00fd ngh\u0129a, bi\u1ec3u t\u01b0\u1ee3ng t\u00ecnh y\u00eau v\u0129nh c\u1eedu. Xem ngay c\u00e1ch ch\u1ecdn nh\u1eabn c\u01b0\u1edbi ph\u00f9 h\u1ee3p v\u00e0 xu h\u01b0\u1edbng m\u1edbi nh\u1ea5t.\" \/>\n<meta name=\"robots\" content=\"index, follow, max-snippet:-1, max-image-preview:large, max-video-preview:-1\" \/>\n<link rel=\"canonical\" href=\"https:\/\/nhinhi.azdigi.shop\/index.php\/san-pham\/cap-nhan-cuoi\/\" \/>\n<meta property=\"og:locale\" content=\"en_US\" \/>\n<meta property=\"og:type\" content=\"article\" \/>\n<meta property=\"og:title\" content=\"C\u1eb7p nh\u1eabn c\u01b0\u1edbi - Elira Boutique\" \/>\n<meta property=\"og:description\" content=\"C\u1eb7p nh\u1eabn c\u01b0\u1edbi \u0111\u1eb9p \u00fd ngh\u0129a, bi\u1ec3u t\u01b0\u1ee3ng t\u00ecnh y\u00eau v\u0129nh c\u1eedu. Xem ngay c\u00e1ch ch\u1ecdn nh\u1eabn c\u01b0\u1edbi ph\u00f9 h\u1ee3p v\u00e0 xu h\u01b0\u1edbng m\u1edbi nh\u1ea5t.\" \/>\n<meta property=\"og:url\" content=\"https:\/\/nhinhi.azdigi.shop\/index.php\/san-pham\/cap-nhan-cuoi\/\" \/>\n<meta property=\"og:site_name\" content=\"Elira Boutique\" \/>\n<meta property=\"article:modified_time\" content=\"2026-04-12T03:40:22+00:00\" \/>\n<meta property=\"og:image\" content=\"https:\/\/nhinhi.azdigi.shop\/wp-content\/uploads\/2026\/03\/A-band-of-brilliance-a-love-that-shines-forever-\u2728\ud83d\udc8e-PavePerfection.jpg\" \/>\n\t<meta property=\"og:image:width\" content=\"735\" \/>\n\t<meta property=\"og:image:height\" content=\"412\" \/>\n\t<meta property=\"og:image:type\" content=\"image\/jpeg\" \/>\n<meta name=\"twitter:card\" content=\"summary_large_image\" \/>\n<meta name=\"twitter:label1\" content=\"Est. reading time\" \/>\n\t<meta name=\"twitter:data1\" content=\"2 minutes\" \/>\n<script type=\"application\/ld+json\" class=\"yoast-schema-graph\">{\"@context\":\"https:\/\/schema.org\",\"@graph\":[{\"@type\":\"WebPage\",\"@id\":\"https:\/\/nhinhi.azdigi.shop\/index.php\/san-pham\/cap-nhan-cuoi\/\",\"url\":\"https:\/\/nhinhi.azdigi.shop\/index.php\/san-pham\/cap-nhan-cuoi\/\",\"name\":\"C\u1eb7p nh\u1eabn c\u01b0\u1edbi - Elira Boutique\",\"isPartOf\":{\"@id\":\"https:\/\/nhinhi.azdigi.shop\/#website\"},\"primaryImageOfPage\":{\"@id\":\"https:\/\/nhinhi.azdigi.shop\/index.php\/san-pham\/cap-nhan-cuoi\/#primaryimage\"},\"image\":{\"@id\":\"https:\/\/nhinhi.azdigi.shop\/index.php\/san-pham\/cap-nhan-cuoi\/#primaryimage\"},\"thumbnailUrl\":\"https:\/\/nhinhi.azdigi.shop\/wp-content\/uploads\/2026\/03\/A-band-of-brilliance-a-love-that-shines-forever-\u2728\ud83d\udc8e-PavePerfection.jpg\",\"datePublished\":\"2026-03-22T04:04:17+00:00\",\"dateModified\":\"2026-04-12T03:40:22+00:00\",\"description\":\"C\u1eb7p nh\u1eabn c\u01b0\u1edbi \u0111\u1eb9p \u00fd ngh\u0129a, bi\u1ec3u t\u01b0\u1ee3ng t\u00ecnh y\u00eau v\u0129nh c\u1eedu. Xem ngay c\u00e1ch ch\u1ecdn nh\u1eabn c\u01b0\u1edbi ph\u00f9 h\u1ee3p v\u00e0 xu h\u01b0\u1edbng m\u1edbi nh\u1ea5t.\",\"breadcrumb\":{\"@id\":\"https:\/\/nhinhi.azdigi.shop\/index.php\/san-pham\/cap-nhan-cuoi\/#breadcrumb\"},\"inLanguage\":\"en-US\",\"potentialAction\":[{\"@type\":\"ReadAction\",\"target\":[\"https:\/\/nhinhi.azdigi.shop\/index.php\/san-pham\/cap-nhan-cuoi\/\"]}]},{\"@type\":\"ImageObject\",\"inLanguage\":\"en-US\",\"@id\":\"https:\/\/nhinhi.azdigi.shop\/index.php\/san-pham\/cap-nhan-cuoi\/#primaryimage\",\"url\":\"https:\/\/nhinhi.azdigi.shop\/wp-content\/uploads\/2026\/03\/A-band-of-brilliance-a-love-that-shines-forever-\u2728\ud83d\udc8e-PavePerfection.jpg\",\"contentUrl\":\"https:\/\/nhinhi.azdigi.shop\/wp-content\/uploads\/2026\/03\/A-band-of-brilliance-a-love-that-shines-forever-\u2728\ud83d\udc8e-PavePerfection.jpg\",\"width\":735,\"height\":412},{\"@type\":\"BreadcrumbList\",\"@id\":\"https:\/\/nhinhi.azdigi.shop\/index.php\/san-pham\/cap-nhan-cuoi\/#breadcrumb\",\"itemListElement\":[{\"@type\":\"ListItem\",\"position\":1,\"name\":\"Trang ch\u1ee7\",\"item\":\"https:\/\/nhinhi.azdigi.shop\/\"},{\"@type\":\"ListItem\",\"position\":2,\"name\":\"Shop\",\"item\":\"https:\/\/nhinhi.azdigi.shop\/index.php\/shop\/\"},{\"@type\":\"ListItem\",\"position\":3,\"name\":\"C\u1eb7p nh\u1eabn c\u01b0\u1edbi\"}]},{\"@type\":\"WebSite\",\"@id\":\"https:\/\/nhinhi.azdigi.shop\/#website\",\"url\":\"https:\/\/nhinhi.azdigi.shop\/\",\"name\":\"Elira Boutique\",\"description\":\"\",\"potentialAction\":[{\"@type\":\"SearchAction\",\"target\":{\"@type\":\"EntryPoint\",\"urlTemplate\":\"https:\/\/nhinhi.azdigi.shop\/?s={search_term_string}\"},\"query-input\":{\"@type\":\"PropertyValueSpecification\",\"valueRequired\":true,\"valueName\":\"search_term_string\"}}],\"inLanguage\":\"en-US\"}]}<\/script>\n<!-- \/ Yoast SEO plugin. -->","yoast_head_json":{"title":"C\u1eb7p nh\u1eabn c\u01b0\u1edbi - Elira Boutique","description":"C\u1eb7p nh\u1eabn c\u01b0\u1edbi \u0111\u1eb9p \u00fd ngh\u0129a, bi\u1ec3u t\u01b0\u1ee3ng t\u00ecnh y\u00eau v\u0129nh c\u1eedu. Xem ngay c\u00e1ch ch\u1ecdn nh\u1eabn c\u01b0\u1edbi ph\u00f9 h\u1ee3p v\u00e0 xu h\u01b0\u1edbng m\u1edbi nh\u1ea5t.","robots":{"index":"index","follow":"follow","max-snippet":"max-snippet:-1","max-image-preview":"max-image-preview:large","max-video-preview":"max-video-preview:-1"},"canonical":"https:\/\/nhinhi.azdigi.shop\/index.php\/san-pham\/cap-nhan-cuoi\/","og_locale":"en_US","og_type":"article","og_title":"C\u1eb7p nh\u1eabn c\u01b0\u1edbi - Elira Boutique","og_description":"C\u1eb7p nh\u1eabn c\u01b0\u1edbi \u0111\u1eb9p \u00fd ngh\u0129a, bi\u1ec3u t\u01b0\u1ee3ng t\u00ecnh y\u00eau v\u0129nh c\u1eedu. Xem ngay c\u00e1ch ch\u1ecdn nh\u1eabn c\u01b0\u1edbi ph\u00f9 h\u1ee3p v\u00e0 xu h\u01b0\u1edbng m\u1edbi nh\u1ea5t.","og_url":"https:\/\/nhinhi.azdigi.shop\/index.php\/san-pham\/cap-nhan-cuoi\/","og_site_name":"Elira Boutique","article_modified_time":"2026-04-12T03:40:22+00:00","og_image":[{"width":735,"height":412,"url":"https:\/\/nhinhi.azdigi.shop\/wp-content\/uploads\/2026\/03\/A-band-of-brilliance-a-love-that-shines-forever-\u2728\ud83d\udc8e-PavePerfection.jpg","type":"image\/jpeg"}],"twitter_card":"summary_large_image","twitter_misc":{"Est. reading time":"2 minutes"},"schema":{"@context":"https:\/\/schema.org","@graph":[{"@type":"WebPage","@id":"https:\/\/nhinhi.azdigi.shop\/index.php\/san-pham\/cap-nhan-cuoi\/","url":"https:\/\/nhinhi.azdigi.shop\/index.php\/san-pham\/cap-nhan-cuoi\/","name":"C\u1eb7p nh\u1eabn c\u01b0\u1edbi - Elira Boutique","isPartOf":{"@id":"https:\/\/nhinhi.azdigi.shop\/#website"},"primaryImageOfPage":{"@id":"https:\/\/nhinhi.azdigi.shop\/index.php\/san-pham\/cap-nhan-cuoi\/#primaryimage"},"image":{"@id":"https:\/\/nhinhi.azdigi.shop\/index.php\/san-pham\/cap-nhan-cuoi\/#primaryimage"},"thumbnailUrl":"https:\/\/nhinhi.azdigi.shop\/wp-content\/uploads\/2026\/03\/A-band-of-brilliance-a-love-that-shines-forever-\u2728\ud83d\udc8e-PavePerfection.jpg","datePublished":"2026-03-22T04:04:17+00:00","dateModified":"2026-04-12T03:40:22+00:00","description":"C\u1eb7p nh\u1eabn c\u01b0\u1edbi \u0111\u1eb9p \u00fd ngh\u0129a, bi\u1ec3u t\u01b0\u1ee3ng t\u00ecnh y\u00eau v\u0129nh c\u1eedu. Xem ngay c\u00e1ch ch\u1ecdn nh\u1eabn c\u01b0\u1edbi ph\u00f9 h\u1ee3p v\u00e0 xu h\u01b0\u1edbng m\u1edbi nh\u1ea5t.","breadcrumb":{"@id":"https:\/\/nhinhi.azdigi.shop\/index.php\/san-pham\/cap-nhan-cuoi\/#breadcrumb"},"inLanguage":"en-US","potentialAction":[{"@type":"ReadAction","target":["https:\/\/nhinhi.azdigi.shop\/index.php\/san-pham\/cap-nhan-cuoi\/"]}]},{"@type":"ImageObject","inLanguage":"en-US","@id":"https:\/\/nhinhi.azdigi.shop\/index.php\/san-pham\/cap-nhan-cuoi\/#primaryimage","url":"https:\/\/nhinhi.azdigi.shop\/wp-content\/uploads\/2026\/03\/A-band-of-brilliance-a-love-that-shines-forever-\u2728\ud83d\udc8e-PavePerfection.jpg","contentUrl":"https:\/\/nhinhi.azdigi.shop\/wp-content\/uploads\/2026\/03\/A-band-of-brilliance-a-love-that-shines-forever-\u2728\ud83d\udc8e-PavePerfection.jpg","width":735,"height":412},{"@type":"BreadcrumbList","@id":"https:\/\/nhinhi.azdigi.shop\/index.php\/san-pham\/cap-nhan-cuoi\/#breadcrumb","itemListElement":[{"@type":"ListItem","position":1,"name":"Trang ch\u1ee7","item":"https:\/\/nhinhi.azdigi.shop\/"},{"@type":"ListItem","position":2,"name":"Shop","item":"https:\/\/nhinhi.azdigi.shop\/index.php\/shop\/"},{"@type":"ListItem","position":3,"name":"C\u1eb7p nh\u1eabn c\u01b0\u1edbi"}]},{"@type":"WebSite","@id":"https:\/\/nhinhi.azdigi.shop\/#website","url":"https:\/\/nhinhi.azdigi.shop\/","name":"Elira Boutique","description":"","potentialAction":[{"@type":"SearchAction","target":{"@type":"EntryPoint","urlTemplate":"https:\/\/nhinhi.azdigi.shop\/?s={search_term_string}"},"query-input":{"@type":"PropertyValueSpecification","valueRequired":true,"valueName":"search_term_string"}}],"inLanguage":"en-US"}]}},"_links":{"self":[{"href":"https:\/\/nhinhi.azdigi.shop\/index.php\/wp-json\/wp\/v2\/product\/173","targetHints":{"allow":["GET"]}}],"collection":[{"href":"https:\/\/nhinhi.azdigi.shop\/index.php\/wp-json\/wp\/v2\/product"}],"about":[{"href":"https:\/\/nhinhi.azdigi.shop\/index.php\/wp-json\/wp\/v2\/types\/product"}],"replies":[{"embeddable":true,"href":"https:\/\/nhinhi.azdigi.shop\/index.php\/wp-json\/wp\/v2\/comments?post=173"}],"wp:featuredmedia":[{"embeddable":true,"href":"https:\/\/nhinhi.azdigi.shop\/index.php\/wp-json\/wp\/v2\/media\/20"}],"wp:attachment":[{"href":"https:\/\/nhinhi.azdigi.shop\/index.php\/wp-json\/wp\/v2\/media?parent=173"}],"wp:term":[{"taxonomy":"product_brand","embeddable":true,"href":"https:\/\/nhinhi.azdigi.shop\/index.php\/wp-json\/wp\/v2\/product_brand?post=173"},{"taxonomy":"product_cat","embeddable":true,"href":"https:\/\/nhinhi.azdigi.shop\/index.php\/wp-json\/wp\/v2\/product_cat?post=173"},{"taxonomy":"product_tag","embeddable":true,"href":"https:\/\/nhinhi.azdigi.shop\/index.php\/wp-json\/wp\/v2\/product_tag?post=173"}],"curies":[{"name":"wp","href":"https:\/\/api.w.org\/{rel}","templated":true}]}}