{"id":81,"date":"2026-03-06T15:50:46","date_gmt":"2026-03-06T15:50:46","guid":{"rendered":"https:\/\/nhinhi.azdigi.shop\/index.php\/cart\/"},"modified":"2026-03-22T02:38:28","modified_gmt":"2026-03-22T02:38:28","slug":"cart","status":"publish","type":"page","link":"https:\/\/nhinhi.azdigi.shop\/index.php\/cart\/","title":{"rendered":"Cart"},"content":{"rendered":"\n<div data-block-name=\"woocommerce\/cart\" class=\"wp-block-woocommerce-cart alignwide is-loading\">\n<div data-block-name=\"woocommerce\/filled-cart-block\" class=\"wp-block-woocommerce-filled-cart-block\">\n<div data-block-name=\"woocommerce\/cart-items-block\" class=\"wp-block-woocommerce-cart-items-block\">\n<div data-block-name=\"woocommerce\/cart-line-items-block\" class=\"wp-block-woocommerce-cart-line-items-block\"><\/div>\n\n\n<\/div>\n\n\n\n\n<div data-block-name=\"woocommerce\/cart-totals-block\" class=\"wp-block-woocommerce-cart-totals-block\">\n<div data-block-name=\"woocommerce\/cart-order-summary-block\" class=\"wp-block-woocommerce-cart-order-summary-block\">\n<div data-block-name=\"woocommerce\/cart-order-summary-heading-block\" class=\"wp-block-woocommerce-cart-order-summary-heading-block\"><\/div><div data-block-name=\"woocommerce\/cart-order-summary-coupon-form-block\" class=\"wp-block-woocommerce-cart-order-summary-coupon-form-block\"><\/div><div data-block-name=\"woocommerce\/cart-order-summary-totals-block\" class=\"wp-block-woocommerce-cart-order-summary-totals-block\">\n<div data-block-name=\"woocommerce\/cart-order-summary-subtotal-block\" class=\"wp-block-woocommerce-cart-order-summary-subtotal-block\"><\/div>\n<div data-block-name=\"woocommerce\/cart-order-summary-discount-block\" class=\"wp-block-woocommerce-cart-order-summary-discount-block\"><\/div>\n<div data-block-name=\"woocommerce\/cart-order-summary-fee-block\" class=\"wp-block-woocommerce-cart-order-summary-fee-block\"><\/div>\n<div data-block-name=\"woocommerce\/cart-order-summary-shipping-block\" class=\"wp-block-woocommerce-cart-order-summary-shipping-block\"><\/div>\n<div data-block-name=\"woocommerce\/cart-order-summary-taxes-block\" class=\"wp-block-woocommerce-cart-order-summary-taxes-block\"><\/div><\/div>\n<\/div>\n\n\n\n<div data-block-name=\"woocommerce\/cart-express-payment-block\" class=\"wp-block-woocommerce-cart-express-payment-block\"><\/div>\n\n\n\n<div data-block-name=\"woocommerce\/proceed-to-checkout-block\" class=\"wp-block-woocommerce-proceed-to-checkout-block\"><\/div>\n\n\n\n<div data-block-name=\"woocommerce\/cart-accepted-payment-methods-block\" class=\"wp-block-woocommerce-cart-accepted-payment-methods-block\"><\/div>\n<\/div>\n<\/div>\n\n\n\n<div data-block-name=\"woocommerce\/empty-cart-block\" class=\"wp-block-woocommerce-empty-cart-block\">\n<h2 class=\"wp-block-heading has-text-align-center with-empty-cart-icon wc-block-cart__empty-cart__title\">Your cart is currently empty!<\/h2>\n\n\n\n<hr class=\"wp-block-separator has-alpha-channel-opacity is-style-dots\"\/>\n\n\n\n<h2 class=\"wp-block-heading has-text-align-center\">New in store<\/h2>\n\n\n<div data-block-name=\"woocommerce\/product-new\" data-columns=\"4\" data-rows=\"1\" class=\"wc-block-grid wp-block-product-new wp-block-woocommerce-product-new wc-block-product-new has-4-columns\"><ul class=\"wc-block-grid__products\"><li class=\"wc-block-grid__product\">\n\t\t\t\t<a href=\"https:\/\/nhinhi.azdigi.shop\/index.php\/san-pham\/vong-tay-chanel-vang-hong\/\" class=\"wc-block-grid__product-link\">\n\t\t\t\t\t\n\t\t\t\t\t<div class=\"wc-block-grid__product-image\"><img loading=\"lazy\" decoding=\"async\" width=\"300\" height=\"300\" src=\"https:\/\/nhinhi.azdigi.shop\/wp-content\/uploads\/2026\/03\/download-300x300.jpg\" class=\"attachment-woocommerce_thumbnail size-woocommerce_thumbnail\" alt=\"V\u00f2ng Tay Chanel V\u00e0ng\" srcset=\"https:\/\/nhinhi.azdigi.shop\/wp-content\/uploads\/2026\/03\/download-300x300.jpg 300w, https:\/\/nhinhi.azdigi.shop\/wp-content\/uploads\/2026\/03\/download-100x100.jpg 100w, https:\/\/nhinhi.azdigi.shop\/wp-content\/uploads\/2026\/03\/download-150x150.jpg 150w\" sizes=\"auto, (max-width: 300px) 100vw, 300px\" \/><\/div>\n\t\t\t\t\t<div class=\"wc-block-grid__product-title\">V\u00f2ng Tay Chanel V\u00e0ng<\/div>\n\t\t\t\t<\/a>\n\t\t\t\t<div class=\"wc-block-grid__product-price price\"><span class=\"woocommerce-Price-amount amount\"><span class=\"woocommerce-Price-currencySymbol\">&#8363;<\/span>150,000,000<\/span><\/div>\n\t\t\t\t\n\t\t\t\t<div class=\"wp-block-button wc-block-grid__product-add-to-cart\"><a href=\"https:\/\/nhinhi.azdigi.shop\/index.php\/san-pham\/vong-tay-chanel-vang-hong\/\" aria-label=\"Select options for &ldquo;V\u00f2ng Tay Chanel V\u00e0ng&rdquo;\" data-quantity=\"1\" data-product_id=\"306\" data-product_sku=\"\" data-price=\"150000000\" rel=\"nofollow\" class=\"wp-block-button__link  add_to_cart_button\">Select options<\/a><\/div>\n\t\t\t<\/li><li class=\"wc-block-grid__product\">\n\t\t\t\t<a href=\"https:\/\/nhinhi.azdigi.shop\/index.php\/san-pham\/cap-nhan-cuoi-kim-cuong\/\" class=\"wc-block-grid__product-link\">\n\t\t\t\t\t\n\t\t\t\t\t<div class=\"wc-block-grid__product-image\"><img loading=\"lazy\" decoding=\"async\" width=\"300\" height=\"293\" src=\"https:\/\/nhinhi.azdigi.shop\/wp-content\/uploads\/2026\/03\/z7669102618323_fbbeb2650338707c9b58a3320b63c1e5-300x293.jpg\" class=\"attachment-woocommerce_thumbnail size-woocommerce_thumbnail\" alt=\"C\u1eb7p Nh\u1eabn C\u01b0\u1edbi Kim C\u01b0\u01a1ng\" \/><\/div>\n\t\t\t\t\t<div class=\"wc-block-grid__product-title\">C\u1eb7p Nh\u1eabn C\u01b0\u1edbi Kim C\u01b0\u01a1ng<\/div>\n\t\t\t\t<\/a>\n\t\t\t\t<div class=\"wc-block-grid__product-price price\"><span class=\"woocommerce-Price-amount amount\"><span class=\"woocommerce-Price-currencySymbol\">&#8363;<\/span>99,999,000<\/span><\/div>\n\t\t\t\t\n\t\t\t\t<div class=\"wp-block-button wc-block-grid__product-add-to-cart\"><a href=\"https:\/\/nhinhi.azdigi.shop\/index.php\/san-pham\/cap-nhan-cuoi-kim-cuong\/\" aria-label=\"Select options for &ldquo;C\u1eb7p Nh\u1eabn C\u01b0\u1edbi Kim C\u01b0\u01a1ng&rdquo;\" data-quantity=\"1\" data-product_id=\"297\" data-product_sku=\"\" data-price=\"99999000\" rel=\"nofollow\" class=\"wp-block-button__link  add_to_cart_button\">Select options<\/a><\/div>\n\t\t\t<\/li><li class=\"wc-block-grid__product\">\n\t\t\t\t<a href=\"https:\/\/nhinhi.azdigi.shop\/index.php\/san-pham\/bong-tai-thien-nga-trang\/\" class=\"wc-block-grid__product-link\">\n\t\t\t\t\t\n\t\t\t\t\t<div class=\"wc-block-grid__product-image\"><img loading=\"lazy\" decoding=\"async\" width=\"192\" height=\"192\" src=\"https:\/\/nhinhi.azdigi.shop\/wp-content\/uploads\/2026\/03\/images.jpg\" class=\"attachment-woocommerce_thumbnail size-woocommerce_thumbnail\" alt=\"B\u00f4ng Tai Thi\u00ean Nga Tr\u1eafng\" srcset=\"https:\/\/nhinhi.azdigi.shop\/wp-content\/uploads\/2026\/03\/images.jpg 192w, https:\/\/nhinhi.azdigi.shop\/wp-content\/uploads\/2026\/03\/images-150x150.jpg 150w, https:\/\/nhinhi.azdigi.shop\/wp-content\/uploads\/2026\/03\/images-100x100.jpg 100w\" sizes=\"auto, (max-width: 192px) 100vw, 192px\" \/><\/div>\n\t\t\t\t\t<div class=\"wc-block-grid__product-title\">B\u00f4ng Tai Thi\u00ean Nga Tr\u1eafng<\/div>\n\t\t\t\t<\/a>\n\t\t\t\t<div class=\"wc-block-grid__product-price price\"><span class=\"woocommerce-Price-amount amount\"><span class=\"woocommerce-Price-currencySymbol\">&#8363;<\/span>25,000,000<\/span><\/div>\n\t\t\t\t\n\t\t\t\t<div class=\"wp-block-button wc-block-grid__product-add-to-cart\"><a href=\"https:\/\/nhinhi.azdigi.shop\/index.php\/san-pham\/bong-tai-thien-nga-trang\/\" aria-label=\"Select options for &ldquo;B\u00f4ng Tai Thi\u00ean Nga Tr\u1eafng&rdquo;\" data-quantity=\"1\" data-product_id=\"250\" data-product_sku=\"\" data-price=\"25000000\" rel=\"nofollow\" class=\"wp-block-button__link  add_to_cart_button\">Select options<\/a><\/div>\n\t\t\t<\/li><li class=\"wc-block-grid__product\">\n\t\t\t\t<a href=\"https:\/\/nhinhi.azdigi.shop\/index.php\/san-pham\/vong-co-da-quy-den-huyen\/\" class=\"wc-block-grid__product-link\">\n\t\t\t\t\t<div class=\"wc-block-grid__product-onsale\">\n\t\t\t<span aria-hidden=\"true\">Sale<\/span>\n\t\t\t<span class=\"screen-reader-text\">Product on sale<\/span>\n\t\t<\/div>\n\t\t\t\t\t<div class=\"wc-block-grid__product-image\"><img loading=\"lazy\" decoding=\"async\" width=\"300\" height=\"300\" src=\"https:\/\/nhinhi.azdigi.shop\/wp-content\/uploads\/2026\/03\/gmspxmw000174-mat-day-chuyen-vang-trang-14k-dinh-da-sapphire-pnj-02-300x300.png\" class=\"attachment-woocommerce_thumbnail size-woocommerce_thumbnail\" alt=\"V\u00f2ng C\u1ed5 \u0110\u00e1 Qu\u00fd \u0110en Huy\u1ec1n\" srcset=\"https:\/\/nhinhi.azdigi.shop\/wp-content\/uploads\/2026\/03\/gmspxmw000174-mat-day-chuyen-vang-trang-14k-dinh-da-sapphire-pnj-02-300x300.png 300w, https:\/\/nhinhi.azdigi.shop\/wp-content\/uploads\/2026\/03\/gmspxmw000174-mat-day-chuyen-vang-trang-14k-dinh-da-sapphire-pnj-02-1024x1024.png 1024w, https:\/\/nhinhi.azdigi.shop\/wp-content\/uploads\/2026\/03\/gmspxmw000174-mat-day-chuyen-vang-trang-14k-dinh-da-sapphire-pnj-02-150x150.png 150w, https:\/\/nhinhi.azdigi.shop\/wp-content\/uploads\/2026\/03\/gmspxmw000174-mat-day-chuyen-vang-trang-14k-dinh-da-sapphire-pnj-02-768x768.png 768w, https:\/\/nhinhi.azdigi.shop\/wp-content\/uploads\/2026\/03\/gmspxmw000174-mat-day-chuyen-vang-trang-14k-dinh-da-sapphire-pnj-02-1536x1536.png 1536w, https:\/\/nhinhi.azdigi.shop\/wp-content\/uploads\/2026\/03\/gmspxmw000174-mat-day-chuyen-vang-trang-14k-dinh-da-sapphire-pnj-02-600x600.png 600w, https:\/\/nhinhi.azdigi.shop\/wp-content\/uploads\/2026\/03\/gmspxmw000174-mat-day-chuyen-vang-trang-14k-dinh-da-sapphire-pnj-02-100x100.png 100w, https:\/\/nhinhi.azdigi.shop\/wp-content\/uploads\/2026\/03\/gmspxmw000174-mat-day-chuyen-vang-trang-14k-dinh-da-sapphire-pnj-02.png 2000w\" sizes=\"auto, (max-width: 300px) 100vw, 300px\" \/><\/div>\n\t\t\t\t\t<div class=\"wc-block-grid__product-title\">V\u00f2ng C\u1ed5 \u0110\u00e1 Qu\u00fd \u0110en Huy\u1ec1n<\/div>\n\t\t\t\t<\/a>\n\t\t\t\t<div class=\"wc-block-grid__product-price price\"><span class=\"woocommerce-Price-amount amount\" aria-hidden=\"true\"><span class=\"woocommerce-Price-currencySymbol\">&#8363;<\/span>51,990,000<\/span> <span aria-hidden=\"true\">&ndash;<\/span> <span class=\"woocommerce-Price-amount amount\" aria-hidden=\"true\"><span class=\"woocommerce-Price-currencySymbol\">&#8363;<\/span>59,990,000<\/span><span class=\"screen-reader-text\">Price range: &#8363;51,990,000 through &#8363;59,990,000<\/span><\/div>\n\t\t\t\t\n\t\t\t\t<div class=\"wp-block-button wc-block-grid__product-add-to-cart\"><a href=\"https:\/\/nhinhi.azdigi.shop\/index.php\/san-pham\/vong-co-da-quy-den-huyen\/\" aria-label=\"Select options for &ldquo;V\u00f2ng C\u1ed5 \u0110\u00e1 Qu\u00fd \u0110en Huy\u1ec1n&rdquo;\" data-quantity=\"1\" data-product_id=\"249\" data-product_sku=\"\" data-price=\"51990000\" rel=\"nofollow\" class=\"wp-block-button__link  add_to_cart_button\">Select options<\/a><\/div>\n\t\t\t<\/li><\/ul><\/div><\/div>\n<\/div>\n","protected":false},"excerpt":{"rendered":"","protected":false},"author":1,"featured_media":0,"parent":0,"menu_order":0,"comment_status":"closed","ping_status":"closed","template":"","meta":{"footnotes":""},"class_list":["post-81","page","type-page","status-publish","hentry"],"yoast_head":"<!-- This site is optimized with the Yoast SEO plugin v27.2 - https:\/\/yoast.com\/product\/yoast-seo-wordpress\/ -->\n<title>Cart - Elira Boutique<\/title>\n<meta name=\"robots\" content=\"index, follow, max-snippet:-1, max-image-preview:large, max-video-preview:-1\" \/>\n<link rel=\"canonical\" href=\"https:\/\/nhinhi.azdigi.shop\/index.php\/cart\/\" \/>\n<meta property=\"og:locale\" content=\"en_US\" \/>\n<meta property=\"og:type\" content=\"article\" \/>\n<meta property=\"og:title\" content=\"Cart - Elira Boutique\" \/>\n<meta property=\"og:url\" content=\"https:\/\/nhinhi.azdigi.shop\/index.php\/cart\/\" \/>\n<meta property=\"og:site_name\" content=\"Elira Boutique\" \/>\n<meta property=\"article:modified_time\" content=\"2026-03-22T02:38:28+00:00\" \/>\n<meta name=\"twitter:card\" content=\"summary_large_image\" \/>\n<script type=\"application\/ld+json\" class=\"yoast-schema-graph\">{\"@context\":\"https:\/\/schema.org\",\"@graph\":[{\"@type\":\"WebPage\",\"@id\":\"https:\/\/nhinhi.azdigi.shop\/index.php\/cart\/\",\"url\":\"https:\/\/nhinhi.azdigi.shop\/index.php\/cart\/\",\"name\":\"Cart - Elira Boutique\",\"isPartOf\":{\"@id\":\"https:\/\/nhinhi.azdigi.shop\/#website\"},\"datePublished\":\"2026-03-06T15:50:46+00:00\",\"dateModified\":\"2026-03-22T02:38:28+00:00\",\"breadcrumb\":{\"@id\":\"https:\/\/nhinhi.azdigi.shop\/index.php\/cart\/#breadcrumb\"},\"inLanguage\":\"en-US\",\"potentialAction\":[{\"@type\":\"ReadAction\",\"target\":[\"https:\/\/nhinhi.azdigi.shop\/index.php\/cart\/\"]}]},{\"@type\":\"BreadcrumbList\",\"@id\":\"https:\/\/nhinhi.azdigi.shop\/index.php\/cart\/#breadcrumb\",\"itemListElement\":[{\"@type\":\"ListItem\",\"position\":1,\"name\":\"Trang ch\u1ee7\",\"item\":\"https:\/\/nhinhi.azdigi.shop\/\"},{\"@type\":\"ListItem\",\"position\":2,\"name\":\"Cart\"}]},{\"@type\":\"WebSite\",\"@id\":\"https:\/\/nhinhi.azdigi.shop\/#website\",\"url\":\"https:\/\/nhinhi.azdigi.shop\/\",\"name\":\"Elira Boutique\",\"description\":\"\",\"potentialAction\":[{\"@type\":\"SearchAction\",\"target\":{\"@type\":\"EntryPoint\",\"urlTemplate\":\"https:\/\/nhinhi.azdigi.shop\/?s={search_term_string}\"},\"query-input\":{\"@type\":\"PropertyValueSpecification\",\"valueRequired\":true,\"valueName\":\"search_term_string\"}}],\"inLanguage\":\"en-US\"}]}<\/script>\n<!-- \/ Yoast SEO plugin. -->","yoast_head_json":{"title":"Cart - Elira Boutique","robots":{"index":"index","follow":"follow","max-snippet":"max-snippet:-1","max-image-preview":"max-image-preview:large","max-video-preview":"max-video-preview:-1"},"canonical":"https:\/\/nhinhi.azdigi.shop\/index.php\/cart\/","og_locale":"en_US","og_type":"article","og_title":"Cart - Elira Boutique","og_url":"https:\/\/nhinhi.azdigi.shop\/index.php\/cart\/","og_site_name":"Elira Boutique","article_modified_time":"2026-03-22T02:38:28+00:00","twitter_card":"summary_large_image","schema":{"@context":"https:\/\/schema.org","@graph":[{"@type":"WebPage","@id":"https:\/\/nhinhi.azdigi.shop\/index.php\/cart\/","url":"https:\/\/nhinhi.azdigi.shop\/index.php\/cart\/","name":"Cart - Elira Boutique","isPartOf":{"@id":"https:\/\/nhinhi.azdigi.shop\/#website"},"datePublished":"2026-03-06T15:50:46+00:00","dateModified":"2026-03-22T02:38:28+00:00","breadcrumb":{"@id":"https:\/\/nhinhi.azdigi.shop\/index.php\/cart\/#breadcrumb"},"inLanguage":"en-US","potentialAction":[{"@type":"ReadAction","target":["https:\/\/nhinhi.azdigi.shop\/index.php\/cart\/"]}]},{"@type":"BreadcrumbList","@id":"https:\/\/nhinhi.azdigi.shop\/index.php\/cart\/#breadcrumb","itemListElement":[{"@type":"ListItem","position":1,"name":"Trang ch\u1ee7","item":"https:\/\/nhinhi.azdigi.shop\/"},{"@type":"ListItem","position":2,"name":"Cart"}]},{"@type":"WebSite","@id":"https:\/\/nhinhi.azdigi.shop\/#website","url":"https:\/\/nhinhi.azdigi.shop\/","name":"Elira Boutique","description":"","potentialAction":[{"@type":"SearchAction","target":{"@type":"EntryPoint","urlTemplate":"https:\/\/nhinhi.azdigi.shop\/?s={search_term_string}"},"query-input":{"@type":"PropertyValueSpecification","valueRequired":true,"valueName":"search_term_string"}}],"inLanguage":"en-US"}]}},"_links":{"self":[{"href":"https:\/\/nhinhi.azdigi.shop\/index.php\/wp-json\/wp\/v2\/pages\/81","targetHints":{"allow":["GET"]}}],"collection":[{"href":"https:\/\/nhinhi.azdigi.shop\/index.php\/wp-json\/wp\/v2\/pages"}],"about":[{"href":"https:\/\/nhinhi.azdigi.shop\/index.php\/wp-json\/wp\/v2\/types\/page"}],"author":[{"embeddable":true,"href":"https:\/\/nhinhi.azdigi.shop\/index.php\/wp-json\/wp\/v2\/users\/1"}],"replies":[{"embeddable":true,"href":"https:\/\/nhinhi.azdigi.shop\/index.php\/wp-json\/wp\/v2\/comments?post=81"}],"version-history":[{"count":1,"href":"https:\/\/nhinhi.azdigi.shop\/index.php\/wp-json\/wp\/v2\/pages\/81\/revisions"}],"predecessor-version":[{"id":162,"href":"https:\/\/nhinhi.azdigi.shop\/index.php\/wp-json\/wp\/v2\/pages\/81\/revisions\/162"}],"wp:attachment":[{"href":"https:\/\/nhinhi.azdigi.shop\/index.php\/wp-json\/wp\/v2\/media?parent=81"}],"curies":[{"name":"wp","href":"https:\/\/api.w.org\/{rel}","templated":true}]}}