{"id":407,"date":"2026-04-11T17:09:32","date_gmt":"2026-04-11T17:09:32","guid":{"rendered":"https:\/\/nhinhi.azdigi.shop\/?page_id=407"},"modified":"2026-04-11T17:22:57","modified_gmt":"2026-04-11T17:22:57","slug":"nhaanx-cuowis","status":"publish","type":"page","link":"https:\/\/nhinhi.azdigi.shop\/index.php\/nhaanx-cuowis\/","title":{"rendered":"Nh\u1eabn C\u01b0\u1edbi"},"content":{"rendered":"<div class=\"slider-wrapper relative\" id=\"slider-1236727048\" >\n    <div class=\"slider slider-nav-circle slider-nav-large slider-nav-light slider-style-normal\"\n        data-flickity-options='{\n            \"cellAlign\": \"center\",\n            \"imagesLoaded\": true,\n            \"lazyLoad\": 1,\n            \"freeScroll\": false,\n            \"wrapAround\": true,\n            \"autoPlay\": 6000,\n            \"pauseAutoPlayOnHover\" : true,\n            \"prevNextButtons\": true,\n            \"contain\" : true,\n            \"adaptiveHeight\" : true,\n            \"dragThreshold\" : 10,\n            \"percentPosition\": true,\n            \"pageDots\": true,\n            \"rightToLeft\": false,\n            \"draggable\": true,\n            \"selectedAttraction\": 0.1,\n            \"parallax\" : 0,\n            \"friction\": 0.6        }'\n        >\n        \n\t<div class=\"img has-hover x md-x lg-x y md-y lg-y\" id=\"image_1521309389\">\n\t\t\t\t\t\t\t\t<div class=\"img-inner dark\" >\n\t\t\t<img loading=\"lazy\" decoding=\"async\" width=\"1020\" height=\"572\" src=\"https:\/\/nhinhi.azdigi.shop\/wp-content\/uploads\/2026\/04\/z7716165114415_aee48e1ea58dc1dcf9c9b3d57094f60e-1024x574.jpg\" class=\"attachment-large size-large\" alt=\"\" srcset=\"https:\/\/nhinhi.azdigi.shop\/wp-content\/uploads\/2026\/04\/z7716165114415_aee48e1ea58dc1dcf9c9b3d57094f60e-1024x574.jpg 1024w, https:\/\/nhinhi.azdigi.shop\/wp-content\/uploads\/2026\/04\/z7716165114415_aee48e1ea58dc1dcf9c9b3d57094f60e-300x168.jpg 300w, https:\/\/nhinhi.azdigi.shop\/wp-content\/uploads\/2026\/04\/z7716165114415_aee48e1ea58dc1dcf9c9b3d57094f60e-768x431.jpg 768w, https:\/\/nhinhi.azdigi.shop\/wp-content\/uploads\/2026\/04\/z7716165114415_aee48e1ea58dc1dcf9c9b3d57094f60e-1536x861.jpg 1536w, https:\/\/nhinhi.azdigi.shop\/wp-content\/uploads\/2026\/04\/z7716165114415_aee48e1ea58dc1dcf9c9b3d57094f60e-2048x1148.jpg 2048w, https:\/\/nhinhi.azdigi.shop\/wp-content\/uploads\/2026\/04\/z7716165114415_aee48e1ea58dc1dcf9c9b3d57094f60e-600x336.jpg 600w\" sizes=\"auto, (max-width: 1020px) 100vw, 1020px\" \/>\t\t\t\t\t\t\n\t\t\t\t\t<\/div>\n\t\t\t\t\t\t\t\t\n<style>\n#image_1521309389 {\n  width: 100%;\n}\n<\/style>\n\t<\/div>\n\t\n     <\/div>\n\n     <div class=\"loading-spin dark large centered\"><\/div>\n\n     \t<\/div>\n\n\n<div class=\"container section-title-container\" style=\"margin-bottom:1px;\"><h3 class=\"section-title section-title-center\"><b><\/b><span class=\"section-title-main\" style=\"font-size:89%;color:rgb(218, 44, 44);\"><i class=\"icon-heart\" ><\/i>B\u1ed9 s\u01b0u t\u1eadp nh\u1eabn c\u01b0\u1edbi<\/span><b><\/b><\/h3><\/div>\n<div class=\"woocommerce columns-3 \"><div class=\"products row row-small large-columns-3 medium-columns-3 small-columns-2\">\n\n<div class=\"product-small col has-hover product type-product post-173 status-publish first instock product_cat-chua-phan-loai has-post-thumbnail shipping-taxable purchasable product-type-variable\">\n\t<div class=\"col-inner\">\n\t\n<div class=\"badge-container absolute left top z-1\">\n<\/div>\n\t<div class=\"product-small box \">\n\t\t<div class=\"box-image\">\n\t\t\t<div class=\"image-fade_in_back\">\n\t\t\t\t<a href=\"https:\/\/nhinhi.azdigi.shop\/index.php\/san-pham\/cap-nhan-cuoi\/\" aria-label=\"C\u1eb7p nh\u1eabn c\u01b0\u1edbi\">\n\t\t\t\t\t<img loading=\"lazy\" decoding=\"async\" width=\"300\" height=\"300\" src=\"https:\/\/nhinhi.azdigi.shop\/wp-content\/uploads\/2026\/03\/A-band-of-brilliance-a-love-that-shines-forever-\u2728\ud83d\udc8e-PavePerfection-300x300.jpg\" class=\"attachment-woocommerce_thumbnail size-woocommerce_thumbnail\" alt=\"C\u1eb7p nh\u1eabn c\u01b0\u1edbi\" srcset=\"https:\/\/nhinhi.azdigi.shop\/wp-content\/uploads\/2026\/03\/A-band-of-brilliance-a-love-that-shines-forever-\u2728\ud83d\udc8e-PavePerfection-300x300.jpg 300w, https:\/\/nhinhi.azdigi.shop\/wp-content\/uploads\/2026\/03\/A-band-of-brilliance-a-love-that-shines-forever-\u2728\ud83d\udc8e-PavePerfection-100x100.jpg 100w, https:\/\/nhinhi.azdigi.shop\/wp-content\/uploads\/2026\/03\/A-band-of-brilliance-a-love-that-shines-forever-\u2728\ud83d\udc8e-PavePerfection-150x150.jpg 150w\" sizes=\"auto, (max-width: 300px) 100vw, 300px\" \/>\t\t\t\t<\/a>\n\t\t\t<\/div>\n\t\t\t<div class=\"image-tools is-small top right show-on-hover\">\n\t\t\t\t\t\t\t<\/div>\n\t\t\t<div class=\"image-tools is-small hide-for-small bottom left show-on-hover\">\n\t\t\t\t\t\t\t<\/div>\n\t\t\t<div class=\"image-tools grid-tools text-center hide-for-small bottom hover-slide-in show-on-hover\">\n\t\t\t\t  <a class=\"quick-view\" data-prod=\"173\" href=\"#quick-view\">Quick View<\/a>\t\t\t<\/div>\n\t\t\t\t\t<\/div>\n\n\t\t<div class=\"box-text box-text-products\">\n\t\t\t<div class=\"title-wrapper\">\t\t<p class=\"category uppercase is-smaller no-text-overflow product-cat op-7\">\n\t\t\tCh\u01b0a ph\u00e2n lo\u1ea1i\t\t<\/p>\n\t<p class=\"name product-title woocommerce-loop-product__title\"><a href=\"https:\/\/nhinhi.azdigi.shop\/index.php\/san-pham\/cap-nhan-cuoi\/\" class=\"woocommerce-LoopProduct-link woocommerce-loop-product__link\">C\u1eb7p nh\u1eabn c\u01b0\u1edbi<\/a><\/p><\/div><div class=\"price-wrapper\">\n\t<span class=\"price\"><span class=\"woocommerce-Price-amount amount\"><bdi><span class=\"woocommerce-Price-currencySymbol\">&#8363;<\/span>80,000,000<\/bdi><\/span><\/span>\n\n<div class=\"rate\">\n <span class=\"point\">4.9\/5 <i class=\"icon-star\"><\/i><\/span>\n                <span class=\"total-rate\">59 \u0111\u00e1nh gi\u00e1<\/span>\n<\/div>\n\n<\/div>\t\t<\/div>\n\t<\/div>\n\t\t<\/div>\n<\/div>\n\n<div class=\"product-small col has-hover product type-product post-297 status-publish instock product_cat-chua-phan-loai has-post-thumbnail shipping-taxable purchasable product-type-variable\">\n\t<div class=\"col-inner\">\n\t\n<div class=\"badge-container absolute left top z-1\">\n<\/div>\n\t<div class=\"product-small box \">\n\t\t<div class=\"box-image\">\n\t\t\t<div class=\"image-fade_in_back\">\n\t\t\t\t<a href=\"https:\/\/nhinhi.azdigi.shop\/index.php\/san-pham\/cap-nhan-cuoi-kim-cuong\/\" aria-label=\"C\u1eb7p Nh\u1eabn C\u01b0\u1edbi Kim C\u01b0\u01a1ng\">\n\t\t\t\t\t<img loading=\"lazy\" decoding=\"async\" width=\"300\" height=\"293\" src=\"https:\/\/nhinhi.azdigi.shop\/wp-content\/uploads\/2026\/03\/z7669102618323_fbbeb2650338707c9b58a3320b63c1e5-300x293.jpg\" class=\"attachment-woocommerce_thumbnail size-woocommerce_thumbnail\" alt=\"C\u1eb7p Nh\u1eabn C\u01b0\u1edbi Kim C\u01b0\u01a1ng\" \/>\t\t\t\t<\/a>\n\t\t\t<\/div>\n\t\t\t<div class=\"image-tools is-small top right show-on-hover\">\n\t\t\t\t\t\t\t<\/div>\n\t\t\t<div class=\"image-tools is-small hide-for-small bottom left show-on-hover\">\n\t\t\t\t\t\t\t<\/div>\n\t\t\t<div class=\"image-tools grid-tools text-center hide-for-small bottom hover-slide-in show-on-hover\">\n\t\t\t\t  <a class=\"quick-view\" data-prod=\"297\" href=\"#quick-view\">Quick View<\/a>\t\t\t<\/div>\n\t\t\t\t\t<\/div>\n\n\t\t<div class=\"box-text box-text-products\">\n\t\t\t<div class=\"title-wrapper\">\t\t<p class=\"category uppercase is-smaller no-text-overflow product-cat op-7\">\n\t\t\tCh\u01b0a ph\u00e2n lo\u1ea1i\t\t<\/p>\n\t<p class=\"name product-title woocommerce-loop-product__title\"><a href=\"https:\/\/nhinhi.azdigi.shop\/index.php\/san-pham\/cap-nhan-cuoi-kim-cuong\/\" class=\"woocommerce-LoopProduct-link woocommerce-loop-product__link\">C\u1eb7p Nh\u1eabn C\u01b0\u1edbi Kim C\u01b0\u01a1ng<\/a><\/p><\/div><div class=\"price-wrapper\">\n\t<span class=\"price\"><span class=\"woocommerce-Price-amount amount\"><bdi><span class=\"woocommerce-Price-currencySymbol\">&#8363;<\/span>99,999,000<\/bdi><\/span><\/span>\n\n<div class=\"rate\">\n <span class=\"point\">4.9\/5 <i class=\"icon-star\"><\/i><\/span>\n                <span class=\"total-rate\">269 \u0111\u00e1nh gi\u00e1<\/span>\n<\/div>\n\n<\/div>\t\t<\/div>\n\t<\/div>\n\t\t<\/div>\n<\/div>\n\n<div class=\"product-small col has-hover product type-product post-152 status-publish last instock product_cat-chua-phan-loai has-post-thumbnail sale shipping-taxable purchasable product-type-variable\">\n\t<div class=\"col-inner\">\n\t\n<div class=\"badge-container absolute left top z-1\">\n\t\t<div class=\"callout badge badge-circle\"><div class=\"badge-inner secondary on-sale\"><span class=\"onsale\">Sale!<\/span><\/div><\/div>\n<\/div>\n\t<div class=\"product-small box \">\n\t\t<div class=\"box-image\">\n\t\t\t<div class=\"image-fade_in_back\">\n\t\t\t\t<a href=\"https:\/\/nhinhi.azdigi.shop\/index.php\/san-pham\/nhan-kim-cuong\/\" aria-label=\"Nhan kim cuong\">\n\t\t\t\t\t<img loading=\"lazy\" decoding=\"async\" width=\"300\" height=\"300\" src=\"https:\/\/nhinhi.azdigi.shop\/wp-content\/uploads\/2026\/03\/download-1-300x300.webp\" class=\"attachment-woocommerce_thumbnail size-woocommerce_thumbnail\" alt=\"Nhan kim cuong\" srcset=\"https:\/\/nhinhi.azdigi.shop\/wp-content\/uploads\/2026\/03\/download-1-300x300.webp 300w, https:\/\/nhinhi.azdigi.shop\/wp-content\/uploads\/2026\/03\/download-1-100x100.webp 100w, https:\/\/nhinhi.azdigi.shop\/wp-content\/uploads\/2026\/03\/download-1-150x150.webp 150w\" sizes=\"auto, (max-width: 300px) 100vw, 300px\" \/>\t\t\t\t<\/a>\n\t\t\t<\/div>\n\t\t\t<div class=\"image-tools is-small top right show-on-hover\">\n\t\t\t\t\t\t\t<\/div>\n\t\t\t<div class=\"image-tools is-small hide-for-small bottom left show-on-hover\">\n\t\t\t\t\t\t\t<\/div>\n\t\t\t<div class=\"image-tools grid-tools text-center hide-for-small bottom hover-slide-in show-on-hover\">\n\t\t\t\t  <a class=\"quick-view\" data-prod=\"152\" href=\"#quick-view\">Quick View<\/a>\t\t\t<\/div>\n\t\t\t\t\t<\/div>\n\n\t\t<div class=\"box-text box-text-products\">\n\t\t\t<div class=\"title-wrapper\">\t\t<p class=\"category uppercase is-smaller no-text-overflow product-cat op-7\">\n\t\t\tCh\u01b0a ph\u00e2n lo\u1ea1i\t\t<\/p>\n\t<p class=\"name product-title woocommerce-loop-product__title\"><a href=\"https:\/\/nhinhi.azdigi.shop\/index.php\/san-pham\/nhan-kim-cuong\/\" class=\"woocommerce-LoopProduct-link woocommerce-loop-product__link\">Nhan kim cuong<\/a><\/p><\/div><div class=\"price-wrapper\">\n\t<span class=\"price\"><span class=\"woocommerce-Price-amount amount\" aria-hidden=\"true\"><bdi><span class=\"woocommerce-Price-currencySymbol\">&#8363;<\/span>100,000<\/bdi><\/span> <span aria-hidden=\"true\">&ndash;<\/span> <span class=\"woocommerce-Price-amount amount\" aria-hidden=\"true\"><bdi><span class=\"woocommerce-Price-currencySymbol\">&#8363;<\/span>120,000<\/bdi><\/span><span class=\"screen-reader-text\">Price range: &#8363;100,000 through &#8363;120,000<\/span><\/span>\n\n<div class=\"rate\">\n <span class=\"point\">4.9\/5 <i class=\"icon-star\"><\/i><\/span>\n                <span class=\"total-rate\">180 \u0111\u00e1nh gi\u00e1<\/span>\n<\/div>\n\n<\/div>\t\t<\/div>\n\t<\/div>\n\t\t<\/div>\n<\/div>\n\n<div class=\"product-small col has-hover product type-product post-239 status-publish first instock product_cat-chua-phan-loai has-post-thumbnail sale shipping-taxable purchasable product-type-variable\">\n\t<div class=\"col-inner\">\n\t\n<div class=\"badge-container absolute left top z-1\">\n\t\t<div class=\"callout badge badge-circle\"><div class=\"badge-inner secondary on-sale\"><span class=\"onsale\">Sale!<\/span><\/div><\/div>\n<\/div>\n\t<div class=\"product-small box \">\n\t\t<div class=\"box-image\">\n\t\t\t<div class=\"image-fade_in_back\">\n\t\t\t\t<a href=\"https:\/\/nhinhi.azdigi.shop\/index.php\/san-pham\/nhan-kim-cuong-bach-kim\/\" aria-label=\"Nh\u1eabn Kim C\u01b0\u01a1ng B\u1ea1ch Kim\">\n\t\t\t\t\t<img loading=\"lazy\" decoding=\"async\" width=\"300\" height=\"300\" src=\"https:\/\/nhinhi.azdigi.shop\/wp-content\/uploads\/2026\/03\/33-1659414007-83-width660height480-300x300.jpg\" class=\"attachment-woocommerce_thumbnail size-woocommerce_thumbnail\" alt=\"Nh\u1eabn Kim C\u01b0\u01a1ng B\u1ea1ch Kim\" srcset=\"https:\/\/nhinhi.azdigi.shop\/wp-content\/uploads\/2026\/03\/33-1659414007-83-width660height480-300x300.jpg 300w, https:\/\/nhinhi.azdigi.shop\/wp-content\/uploads\/2026\/03\/33-1659414007-83-width660height480-150x150.jpg 150w, https:\/\/nhinhi.azdigi.shop\/wp-content\/uploads\/2026\/03\/33-1659414007-83-width660height480-100x100.jpg 100w\" sizes=\"auto, (max-width: 300px) 100vw, 300px\" \/>\t\t\t\t<\/a>\n\t\t\t<\/div>\n\t\t\t<div class=\"image-tools is-small top right show-on-hover\">\n\t\t\t\t\t\t\t<\/div>\n\t\t\t<div class=\"image-tools is-small hide-for-small bottom left show-on-hover\">\n\t\t\t\t\t\t\t<\/div>\n\t\t\t<div class=\"image-tools grid-tools text-center hide-for-small bottom hover-slide-in show-on-hover\">\n\t\t\t\t  <a class=\"quick-view\" data-prod=\"239\" href=\"#quick-view\">Quick View<\/a>\t\t\t<\/div>\n\t\t\t\t\t<\/div>\n\n\t\t<div class=\"box-text box-text-products\">\n\t\t\t<div class=\"title-wrapper\">\t\t<p class=\"category uppercase is-smaller no-text-overflow product-cat op-7\">\n\t\t\tCh\u01b0a ph\u00e2n lo\u1ea1i\t\t<\/p>\n\t<p class=\"name product-title woocommerce-loop-product__title\"><a href=\"https:\/\/nhinhi.azdigi.shop\/index.php\/san-pham\/nhan-kim-cuong-bach-kim\/\" class=\"woocommerce-LoopProduct-link woocommerce-loop-product__link\">Nh\u1eabn Kim C\u01b0\u01a1ng B\u1ea1ch Kim<\/a><\/p><\/div><div class=\"price-wrapper\">\n\t<span class=\"price\"><span class=\"woocommerce-Price-amount amount\" aria-hidden=\"true\"><bdi><span class=\"woocommerce-Price-currencySymbol\">&#8363;<\/span>1,190,000<\/bdi><\/span> <span aria-hidden=\"true\">&ndash;<\/span> <span class=\"woocommerce-Price-amount amount\" aria-hidden=\"true\"><bdi><span class=\"woocommerce-Price-currencySymbol\">&#8363;<\/span>1,299,000<\/bdi><\/span><span class=\"screen-reader-text\">Price range: &#8363;1,190,000 through &#8363;1,299,000<\/span><\/span>\n\n<div class=\"rate\">\n <span class=\"point\">4.9\/5 <i class=\"icon-star\"><\/i><\/span>\n                <span class=\"total-rate\">126 \u0111\u00e1nh gi\u00e1<\/span>\n<\/div>\n\n<\/div>\t\t<\/div>\n\t<\/div>\n\t\t<\/div>\n<\/div>\n\n<div class=\"product-small col has-hover product type-product post-242 status-publish instock product_cat-chua-phan-loai has-post-thumbnail shipping-taxable purchasable product-type-variable\">\n\t<div class=\"col-inner\">\n\t\n<div class=\"badge-container absolute left top z-1\">\n<\/div>\n\t<div class=\"product-small box \">\n\t\t<div class=\"box-image\">\n\t\t\t<div class=\"image-fade_in_back\">\n\t\t\t\t<a href=\"https:\/\/nhinhi.azdigi.shop\/index.php\/san-pham\/nhan-vang-hong-kieu-nu\/\" aria-label=\"Nh\u1eabn V\u00e0ng H\u1ed3ng Ki\u1ec3u N\u1eef\">\n\t\t\t\t\t<img loading=\"lazy\" decoding=\"async\" width=\"300\" height=\"300\" src=\"https:\/\/nhinhi.azdigi.shop\/wp-content\/uploads\/2026\/03\/DSC09042-scaled-1-300x300.jpg\" class=\"attachment-woocommerce_thumbnail size-woocommerce_thumbnail\" alt=\"Nh\u1eabn V\u00e0ng H\u1ed3ng Ki\u1ec3u N\u1eef\" srcset=\"https:\/\/nhinhi.azdigi.shop\/wp-content\/uploads\/2026\/03\/DSC09042-scaled-1-300x300.jpg 300w, https:\/\/nhinhi.azdigi.shop\/wp-content\/uploads\/2026\/03\/DSC09042-scaled-1-1024x1024.jpg 1024w, https:\/\/nhinhi.azdigi.shop\/wp-content\/uploads\/2026\/03\/DSC09042-scaled-1-150x150.jpg 150w, https:\/\/nhinhi.azdigi.shop\/wp-content\/uploads\/2026\/03\/DSC09042-scaled-1-768x768.jpg 768w, https:\/\/nhinhi.azdigi.shop\/wp-content\/uploads\/2026\/03\/DSC09042-scaled-1-1536x1536.jpg 1536w, https:\/\/nhinhi.azdigi.shop\/wp-content\/uploads\/2026\/03\/DSC09042-scaled-1-2048x2048.jpg 2048w, https:\/\/nhinhi.azdigi.shop\/wp-content\/uploads\/2026\/03\/DSC09042-scaled-1-600x600.jpg 600w, https:\/\/nhinhi.azdigi.shop\/wp-content\/uploads\/2026\/03\/DSC09042-scaled-1-100x100.jpg 100w\" sizes=\"auto, (max-width: 300px) 100vw, 300px\" \/>\t\t\t\t<\/a>\n\t\t\t<\/div>\n\t\t\t<div class=\"image-tools is-small top right show-on-hover\">\n\t\t\t\t\t\t\t<\/div>\n\t\t\t<div class=\"image-tools is-small hide-for-small bottom left show-on-hover\">\n\t\t\t\t\t\t\t<\/div>\n\t\t\t<div class=\"image-tools grid-tools text-center hide-for-small bottom hover-slide-in show-on-hover\">\n\t\t\t\t  <a class=\"quick-view\" data-prod=\"242\" href=\"#quick-view\">Quick View<\/a>\t\t\t<\/div>\n\t\t\t\t\t<\/div>\n\n\t\t<div class=\"box-text box-text-products\">\n\t\t\t<div class=\"title-wrapper\">\t\t<p class=\"category uppercase is-smaller no-text-overflow product-cat op-7\">\n\t\t\tCh\u01b0a ph\u00e2n lo\u1ea1i\t\t<\/p>\n\t<p class=\"name product-title woocommerce-loop-product__title\"><a href=\"https:\/\/nhinhi.azdigi.shop\/index.php\/san-pham\/nhan-vang-hong-kieu-nu\/\" class=\"woocommerce-LoopProduct-link woocommerce-loop-product__link\">Nh\u1eabn V\u00e0ng H\u1ed3ng Ki\u1ec3u N\u1eef<\/a><\/p><\/div><div class=\"price-wrapper\">\n\t<span class=\"price\"><span class=\"woocommerce-Price-amount amount\"><bdi><span class=\"woocommerce-Price-currencySymbol\">&#8363;<\/span>22,000,000<\/bdi><\/span><\/span>\n\n<div class=\"rate\">\n <span class=\"point\">4.9\/5 <i class=\"icon-star\"><\/i><\/span>\n                <span class=\"total-rate\">129 \u0111\u00e1nh gi\u00e1<\/span>\n<\/div>\n\n<\/div>\t\t<\/div>\n\t<\/div>\n\t\t<\/div>\n<\/div>\n<\/div><!-- row --><\/div>\n","protected":false},"excerpt":{"rendered":"","protected":false},"author":1,"featured_media":0,"parent":0,"menu_order":0,"comment_status":"closed","ping_status":"closed","template":"","meta":{"footnotes":""},"class_list":["post-407","page","type-page","status-publish","hentry"],"yoast_head":"<!-- This site is optimized with the Yoast SEO plugin v27.2 - https:\/\/yoast.com\/product\/yoast-seo-wordpress\/ -->\n<title>Nh\u1eabn C\u01b0\u1edbi - Elira Boutique<\/title>\n<meta name=\"robots\" content=\"index, follow, max-snippet:-1, max-image-preview:large, max-video-preview:-1\" \/>\n<link rel=\"canonical\" href=\"https:\/\/nhinhi.azdigi.shop\/index.php\/nhaanx-cuowis\/\" \/>\n<meta property=\"og:locale\" content=\"en_US\" \/>\n<meta property=\"og:type\" content=\"article\" \/>\n<meta property=\"og:title\" content=\"Nh\u1eabn C\u01b0\u1edbi - Elira Boutique\" \/>\n<meta property=\"og:url\" content=\"https:\/\/nhinhi.azdigi.shop\/index.php\/nhaanx-cuowis\/\" \/>\n<meta property=\"og:site_name\" content=\"Elira Boutique\" \/>\n<meta property=\"article:modified_time\" content=\"2026-04-11T17:22:57+00:00\" \/>\n<meta name=\"twitter:card\" content=\"summary_large_image\" \/>\n<meta name=\"twitter:label1\" content=\"Est. reading time\" \/>\n\t<meta name=\"twitter:data1\" content=\"1 minute\" \/>\n<script type=\"application\/ld+json\" class=\"yoast-schema-graph\">{\"@context\":\"https:\/\/schema.org\",\"@graph\":[{\"@type\":\"WebPage\",\"@id\":\"https:\/\/nhinhi.azdigi.shop\/index.php\/nhaanx-cuowis\/\",\"url\":\"https:\/\/nhinhi.azdigi.shop\/index.php\/nhaanx-cuowis\/\",\"name\":\"Nh\u1eabn C\u01b0\u1edbi - Elira Boutique\",\"isPartOf\":{\"@id\":\"https:\/\/nhinhi.azdigi.shop\/#website\"},\"datePublished\":\"2026-04-11T17:09:32+00:00\",\"dateModified\":\"2026-04-11T17:22:57+00:00\",\"breadcrumb\":{\"@id\":\"https:\/\/nhinhi.azdigi.shop\/index.php\/nhaanx-cuowis\/#breadcrumb\"},\"inLanguage\":\"en-US\",\"potentialAction\":[{\"@type\":\"ReadAction\",\"target\":[\"https:\/\/nhinhi.azdigi.shop\/index.php\/nhaanx-cuowis\/\"]}]},{\"@type\":\"BreadcrumbList\",\"@id\":\"https:\/\/nhinhi.azdigi.shop\/index.php\/nhaanx-cuowis\/#breadcrumb\",\"itemListElement\":[{\"@type\":\"ListItem\",\"position\":1,\"name\":\"Trang ch\u1ee7\",\"item\":\"https:\/\/nhinhi.azdigi.shop\/\"},{\"@type\":\"ListItem\",\"position\":2,\"name\":\"Nh\u1eabn C\u01b0\u1edbi\"}]},{\"@type\":\"WebSite\",\"@id\":\"https:\/\/nhinhi.azdigi.shop\/#website\",\"url\":\"https:\/\/nhinhi.azdigi.shop\/\",\"name\":\"Elira Boutique\",\"description\":\"\",\"potentialAction\":[{\"@type\":\"SearchAction\",\"target\":{\"@type\":\"EntryPoint\",\"urlTemplate\":\"https:\/\/nhinhi.azdigi.shop\/?s={search_term_string}\"},\"query-input\":{\"@type\":\"PropertyValueSpecification\",\"valueRequired\":true,\"valueName\":\"search_term_string\"}}],\"inLanguage\":\"en-US\"}]}<\/script>\n<!-- \/ Yoast SEO plugin. -->","yoast_head_json":{"title":"Nh\u1eabn C\u01b0\u1edbi - Elira Boutique","robots":{"index":"index","follow":"follow","max-snippet":"max-snippet:-1","max-image-preview":"max-image-preview:large","max-video-preview":"max-video-preview:-1"},"canonical":"https:\/\/nhinhi.azdigi.shop\/index.php\/nhaanx-cuowis\/","og_locale":"en_US","og_type":"article","og_title":"Nh\u1eabn C\u01b0\u1edbi - Elira Boutique","og_url":"https:\/\/nhinhi.azdigi.shop\/index.php\/nhaanx-cuowis\/","og_site_name":"Elira Boutique","article_modified_time":"2026-04-11T17:22:57+00:00","twitter_card":"summary_large_image","twitter_misc":{"Est. reading time":"1 minute"},"schema":{"@context":"https:\/\/schema.org","@graph":[{"@type":"WebPage","@id":"https:\/\/nhinhi.azdigi.shop\/index.php\/nhaanx-cuowis\/","url":"https:\/\/nhinhi.azdigi.shop\/index.php\/nhaanx-cuowis\/","name":"Nh\u1eabn C\u01b0\u1edbi - Elira Boutique","isPartOf":{"@id":"https:\/\/nhinhi.azdigi.shop\/#website"},"datePublished":"2026-04-11T17:09:32+00:00","dateModified":"2026-04-11T17:22:57+00:00","breadcrumb":{"@id":"https:\/\/nhinhi.azdigi.shop\/index.php\/nhaanx-cuowis\/#breadcrumb"},"inLanguage":"en-US","potentialAction":[{"@type":"ReadAction","target":["https:\/\/nhinhi.azdigi.shop\/index.php\/nhaanx-cuowis\/"]}]},{"@type":"BreadcrumbList","@id":"https:\/\/nhinhi.azdigi.shop\/index.php\/nhaanx-cuowis\/#breadcrumb","itemListElement":[{"@type":"ListItem","position":1,"name":"Trang ch\u1ee7","item":"https:\/\/nhinhi.azdigi.shop\/"},{"@type":"ListItem","position":2,"name":"Nh\u1eabn C\u01b0\u1edbi"}]},{"@type":"WebSite","@id":"https:\/\/nhinhi.azdigi.shop\/#website","url":"https:\/\/nhinhi.azdigi.shop\/","name":"Elira Boutique","description":"","potentialAction":[{"@type":"SearchAction","target":{"@type":"EntryPoint","urlTemplate":"https:\/\/nhinhi.azdigi.shop\/?s={search_term_string}"},"query-input":{"@type":"PropertyValueSpecification","valueRequired":true,"valueName":"search_term_string"}}],"inLanguage":"en-US"}]}},"_links":{"self":[{"href":"https:\/\/nhinhi.azdigi.shop\/index.php\/wp-json\/wp\/v2\/pages\/407","targetHints":{"allow":["GET"]}}],"collection":[{"href":"https:\/\/nhinhi.azdigi.shop\/index.php\/wp-json\/wp\/v2\/pages"}],"about":[{"href":"https:\/\/nhinhi.azdigi.shop\/index.php\/wp-json\/wp\/v2\/types\/page"}],"author":[{"embeddable":true,"href":"https:\/\/nhinhi.azdigi.shop\/index.php\/wp-json\/wp\/v2\/users\/1"}],"replies":[{"embeddable":true,"href":"https:\/\/nhinhi.azdigi.shop\/index.php\/wp-json\/wp\/v2\/comments?post=407"}],"version-history":[{"count":3,"href":"https:\/\/nhinhi.azdigi.shop\/index.php\/wp-json\/wp\/v2\/pages\/407\/revisions"}],"predecessor-version":[{"id":412,"href":"https:\/\/nhinhi.azdigi.shop\/index.php\/wp-json\/wp\/v2\/pages\/407\/revisions\/412"}],"wp:attachment":[{"href":"https:\/\/nhinhi.azdigi.shop\/index.php\/wp-json\/wp\/v2\/media?parent=407"}],"curies":[{"name":"wp","href":"https:\/\/api.w.org\/{rel}","templated":true}]}}