{"id":32,"date":"2026-03-04T16:24:43","date_gmt":"2026-03-04T16:24:43","guid":{"rendered":"https:\/\/nhinhi.azdigi.shop\/?page_id=32"},"modified":"2026-03-04T17:19:40","modified_gmt":"2026-03-04T17:19:40","slug":"5-mau-day-chuyen-hot-nhat-hien-nay","status":"publish","type":"page","link":"https:\/\/nhinhi.azdigi.shop\/index.php\/5-mau-day-chuyen-hot-nhat-hien-nay\/","title":{"rendered":"SALE PRICE:5.999.999"},"content":{"rendered":"\n5 M\u1eabu D\u00e2y Chuy\u1ec1n Hot Nh\u1ea5t Hi\u1ec7n Nay\nD\u00e2y chuy\u1ec1n m\u1eb7t \u0111\u00e1 nh\u1ecf\nD\u00e2y chuy\u1ec1n ch\u1eef c\u00e1i\nD\u00e2y chuy\u1ec1n layer\nD\u00e2y chuy\u1ec1n h\u00ecnh tr\u00e1i tim\nD\u00e2y chuy\u1ec1n phong c\u00e1ch H\u00e0n Qu\u1ed1c\n","protected":false},"excerpt":{"rendered":"<p>5 M\u1eabu D\u00e2y Chuy\u1ec1n Hot Nh\u1ea5t Hi\u1ec7n Nay D\u00e2y chuy\u1ec1n m\u1eb7t \u0111\u00e1 nh\u1ecf D\u00e2y chuy\u1ec1n ch\u1eef c\u00e1i D\u00e2y chuy\u1ec1n layer D\u00e2y chuy\u1ec1n h\u00ecnh tr\u00e1i tim D\u00e2y chuy\u1ec1n phong c\u00e1ch H\u00e0n Qu\u1ed1c<\/p>\n","protected":false},"author":1,"featured_media":33,"parent":0,"menu_order":0,"comment_status":"closed","ping_status":"closed","template":"","meta":{"footnotes":""},"class_list":["post-32","page","type-page","status-publish","has-post-thumbnail","hentry"],"yoast_head":"<!-- This site is optimized with the Yoast SEO plugin v27.2 - https:\/\/yoast.com\/product\/yoast-seo-wordpress\/ -->\n<title>SALE PRICE:5.999.999 - Elira Boutique<\/title>\n<meta name=\"robots\" content=\"index, follow, max-snippet:-1, max-image-preview:large, max-video-preview:-1\" \/>\n<link rel=\"canonical\" href=\"https:\/\/nhinhi.azdigi.shop\/index.php\/5-mau-day-chuyen-hot-nhat-hien-nay\/\" \/>\n<meta property=\"og:locale\" content=\"en_US\" \/>\n<meta property=\"og:type\" content=\"article\" \/>\n<meta property=\"og:title\" content=\"SALE PRICE:5.999.999 - Elira Boutique\" \/>\n<meta property=\"og:description\" content=\"5 M\u1eabu D\u00e2y Chuy\u1ec1n Hot Nh\u1ea5t Hi\u1ec7n Nay D\u00e2y chuy\u1ec1n m\u1eb7t \u0111\u00e1 nh\u1ecf D\u00e2y chuy\u1ec1n ch\u1eef c\u00e1i D\u00e2y chuy\u1ec1n layer D\u00e2y chuy\u1ec1n h\u00ecnh tr\u00e1i tim D\u00e2y chuy\u1ec1n phong c\u00e1ch H\u00e0n Qu\u1ed1c\" \/>\n<meta property=\"og:url\" content=\"https:\/\/nhinhi.azdigi.shop\/index.php\/5-mau-day-chuyen-hot-nhat-hien-nay\/\" \/>\n<meta property=\"og:site_name\" content=\"Elira Boutique\" \/>\n<meta property=\"article:modified_time\" content=\"2026-03-04T17:19:40+00:00\" \/>\n<meta property=\"og:image\" content=\"https:\/\/nhinhi.azdigi.shop\/wp-content\/uploads\/2026\/03\/download-1.jpg\" \/>\n\t<meta property=\"og:image:width\" content=\"560\" \/>\n\t<meta property=\"og:image:height\" content=\"720\" \/>\n\t<meta property=\"og:image:type\" content=\"image\/jpeg\" \/>\n<meta name=\"twitter:card\" content=\"summary_large_image\" \/>\n<script type=\"application\/ld+json\" class=\"yoast-schema-graph\">{\"@context\":\"https:\/\/schema.org\",\"@graph\":[{\"@type\":\"WebPage\",\"@id\":\"https:\/\/nhinhi.azdigi.shop\/index.php\/5-mau-day-chuyen-hot-nhat-hien-nay\/\",\"url\":\"https:\/\/nhinhi.azdigi.shop\/index.php\/5-mau-day-chuyen-hot-nhat-hien-nay\/\",\"name\":\"SALE PRICE:5.999.999 - Elira Boutique\",\"isPartOf\":{\"@id\":\"https:\/\/nhinhi.azdigi.shop\/#website\"},\"primaryImageOfPage\":{\"@id\":\"https:\/\/nhinhi.azdigi.shop\/index.php\/5-mau-day-chuyen-hot-nhat-hien-nay\/#primaryimage\"},\"image\":{\"@id\":\"https:\/\/nhinhi.azdigi.shop\/index.php\/5-mau-day-chuyen-hot-nhat-hien-nay\/#primaryimage\"},\"thumbnailUrl\":\"https:\/\/nhinhi.azdigi.shop\/wp-content\/uploads\/2026\/03\/download-1.jpg\",\"datePublished\":\"2026-03-04T16:24:43+00:00\",\"dateModified\":\"2026-03-04T17:19:40+00:00\",\"breadcrumb\":{\"@id\":\"https:\/\/nhinhi.azdigi.shop\/index.php\/5-mau-day-chuyen-hot-nhat-hien-nay\/#breadcrumb\"},\"inLanguage\":\"en-US\",\"potentialAction\":[{\"@type\":\"ReadAction\",\"target\":[\"https:\/\/nhinhi.azdigi.shop\/index.php\/5-mau-day-chuyen-hot-nhat-hien-nay\/\"]}]},{\"@type\":\"ImageObject\",\"inLanguage\":\"en-US\",\"@id\":\"https:\/\/nhinhi.azdigi.shop\/index.php\/5-mau-day-chuyen-hot-nhat-hien-nay\/#primaryimage\",\"url\":\"https:\/\/nhinhi.azdigi.shop\/wp-content\/uploads\/2026\/03\/download-1.jpg\",\"contentUrl\":\"https:\/\/nhinhi.azdigi.shop\/wp-content\/uploads\/2026\/03\/download-1.jpg\",\"width\":560,\"height\":720},{\"@type\":\"BreadcrumbList\",\"@id\":\"https:\/\/nhinhi.azdigi.shop\/index.php\/5-mau-day-chuyen-hot-nhat-hien-nay\/#breadcrumb\",\"itemListElement\":[{\"@type\":\"ListItem\",\"position\":1,\"name\":\"Trang ch\u1ee7\",\"item\":\"https:\/\/nhinhi.azdigi.shop\/\"},{\"@type\":\"ListItem\",\"position\":2,\"name\":\"SALE PRICE:5.999.999\"}]},{\"@type\":\"WebSite\",\"@id\":\"https:\/\/nhinhi.azdigi.shop\/#website\",\"url\":\"https:\/\/nhinhi.azdigi.shop\/\",\"name\":\"Elira Boutique\",\"description\":\"\",\"potentialAction\":[{\"@type\":\"SearchAction\",\"target\":{\"@type\":\"EntryPoint\",\"urlTemplate\":\"https:\/\/nhinhi.azdigi.shop\/?s={search_term_string}\"},\"query-input\":{\"@type\":\"PropertyValueSpecification\",\"valueRequired\":true,\"valueName\":\"search_term_string\"}}],\"inLanguage\":\"en-US\"}]}<\/script>\n<!-- \/ Yoast SEO plugin. -->","yoast_head_json":{"title":"SALE PRICE:5.999.999 - Elira Boutique","robots":{"index":"index","follow":"follow","max-snippet":"max-snippet:-1","max-image-preview":"max-image-preview:large","max-video-preview":"max-video-preview:-1"},"canonical":"https:\/\/nhinhi.azdigi.shop\/index.php\/5-mau-day-chuyen-hot-nhat-hien-nay\/","og_locale":"en_US","og_type":"article","og_title":"SALE PRICE:5.999.999 - Elira Boutique","og_description":"5 M\u1eabu D\u00e2y Chuy\u1ec1n Hot Nh\u1ea5t Hi\u1ec7n Nay D\u00e2y chuy\u1ec1n m\u1eb7t \u0111\u00e1 nh\u1ecf D\u00e2y chuy\u1ec1n ch\u1eef c\u00e1i D\u00e2y chuy\u1ec1n layer D\u00e2y chuy\u1ec1n h\u00ecnh tr\u00e1i tim D\u00e2y chuy\u1ec1n phong c\u00e1ch H\u00e0n Qu\u1ed1c","og_url":"https:\/\/nhinhi.azdigi.shop\/index.php\/5-mau-day-chuyen-hot-nhat-hien-nay\/","og_site_name":"Elira Boutique","article_modified_time":"2026-03-04T17:19:40+00:00","og_image":[{"width":560,"height":720,"url":"https:\/\/nhinhi.azdigi.shop\/wp-content\/uploads\/2026\/03\/download-1.jpg","type":"image\/jpeg"}],"twitter_card":"summary_large_image","schema":{"@context":"https:\/\/schema.org","@graph":[{"@type":"WebPage","@id":"https:\/\/nhinhi.azdigi.shop\/index.php\/5-mau-day-chuyen-hot-nhat-hien-nay\/","url":"https:\/\/nhinhi.azdigi.shop\/index.php\/5-mau-day-chuyen-hot-nhat-hien-nay\/","name":"SALE PRICE:5.999.999 - Elira Boutique","isPartOf":{"@id":"https:\/\/nhinhi.azdigi.shop\/#website"},"primaryImageOfPage":{"@id":"https:\/\/nhinhi.azdigi.shop\/index.php\/5-mau-day-chuyen-hot-nhat-hien-nay\/#primaryimage"},"image":{"@id":"https:\/\/nhinhi.azdigi.shop\/index.php\/5-mau-day-chuyen-hot-nhat-hien-nay\/#primaryimage"},"thumbnailUrl":"https:\/\/nhinhi.azdigi.shop\/wp-content\/uploads\/2026\/03\/download-1.jpg","datePublished":"2026-03-04T16:24:43+00:00","dateModified":"2026-03-04T17:19:40+00:00","breadcrumb":{"@id":"https:\/\/nhinhi.azdigi.shop\/index.php\/5-mau-day-chuyen-hot-nhat-hien-nay\/#breadcrumb"},"inLanguage":"en-US","potentialAction":[{"@type":"ReadAction","target":["https:\/\/nhinhi.azdigi.shop\/index.php\/5-mau-day-chuyen-hot-nhat-hien-nay\/"]}]},{"@type":"ImageObject","inLanguage":"en-US","@id":"https:\/\/nhinhi.azdigi.shop\/index.php\/5-mau-day-chuyen-hot-nhat-hien-nay\/#primaryimage","url":"https:\/\/nhinhi.azdigi.shop\/wp-content\/uploads\/2026\/03\/download-1.jpg","contentUrl":"https:\/\/nhinhi.azdigi.shop\/wp-content\/uploads\/2026\/03\/download-1.jpg","width":560,"height":720},{"@type":"BreadcrumbList","@id":"https:\/\/nhinhi.azdigi.shop\/index.php\/5-mau-day-chuyen-hot-nhat-hien-nay\/#breadcrumb","itemListElement":[{"@type":"ListItem","position":1,"name":"Trang ch\u1ee7","item":"https:\/\/nhinhi.azdigi.shop\/"},{"@type":"ListItem","position":2,"name":"SALE PRICE:5.999.999"}]},{"@type":"WebSite","@id":"https:\/\/nhinhi.azdigi.shop\/#website","url":"https:\/\/nhinhi.azdigi.shop\/","name":"Elira Boutique","description":"","potentialAction":[{"@type":"SearchAction","target":{"@type":"EntryPoint","urlTemplate":"https:\/\/nhinhi.azdigi.shop\/?s={search_term_string}"},"query-input":{"@type":"PropertyValueSpecification","valueRequired":true,"valueName":"search_term_string"}}],"inLanguage":"en-US"}]}},"_links":{"self":[{"href":"https:\/\/nhinhi.azdigi.shop\/index.php\/wp-json\/wp\/v2\/pages\/32","targetHints":{"allow":["GET"]}}],"collection":[{"href":"https:\/\/nhinhi.azdigi.shop\/index.php\/wp-json\/wp\/v2\/pages"}],"about":[{"href":"https:\/\/nhinhi.azdigi.shop\/index.php\/wp-json\/wp\/v2\/types\/page"}],"author":[{"embeddable":true,"href":"https:\/\/nhinhi.azdigi.shop\/index.php\/wp-json\/wp\/v2\/users\/1"}],"replies":[{"embeddable":true,"href":"https:\/\/nhinhi.azdigi.shop\/index.php\/wp-json\/wp\/v2\/comments?post=32"}],"version-history":[{"count":2,"href":"https:\/\/nhinhi.azdigi.shop\/index.php\/wp-json\/wp\/v2\/pages\/32\/revisions"}],"predecessor-version":[{"id":64,"href":"https:\/\/nhinhi.azdigi.shop\/index.php\/wp-json\/wp\/v2\/pages\/32\/revisions\/64"}],"wp:featuredmedia":[{"embeddable":true,"href":"https:\/\/nhinhi.azdigi.shop\/index.php\/wp-json\/wp\/v2\/media\/33"}],"wp:attachment":[{"href":"https:\/\/nhinhi.azdigi.shop\/index.php\/wp-json\/wp\/v2\/media?parent=32"}],"curies":[{"name":"wp","href":"https:\/\/api.w.org\/{rel}","templated":true}]}}