{"id":29,"date":"2026-03-04T16:23:34","date_gmt":"2026-03-04T16:23:34","guid":{"rendered":"https:\/\/nhinhi.azdigi.shop\/?page_id=29"},"modified":"2026-03-04T17:22:11","modified_gmt":"2026-03-04T17:22:11","slug":"phan-biet-trang-suc-bac-va-trang-suc-ma","status":"publish","type":"page","link":"https:\/\/nhinhi.azdigi.shop\/index.php\/phan-biet-trang-suc-bac-va-trang-suc-ma\/","title":{"rendered":"SALE PRICE:3.999.999"},"content":{"rendered":"\nPh\u00e2n Bi\u1ec7t Trang S\u1ee9c B\u1ea1c V\u00e0 Trang S\u1ee9c M\u1ea1\nTrang s\u1ee9c b\u1ea1c th\u1eadt th\u01b0\u1eddng c\u00f3 k\u00fd hi\u1ec7u 925.\nTrang s\u1ee9c m\u1ea1 c\u00f3 l\u1edbp ph\u1ee7 b\u00ean ngo\u00e0i v\u00e0 gi\u00e1 th\u00e0nh th\u1ea5p h\u01a1n.\nHi\u1ec3u r\u00f5 ch\u1ea5t li\u1ec7u gi\u00fap b\u1ea1n ch\u1ecdn \u0111\u00fang s\u1ea3n ph\u1ea9m ph\u00f9 h\u1ee3p.\n","protected":false},"excerpt":{"rendered":"<p>Ph\u00e2n Bi\u1ec7t Trang S\u1ee9c B\u1ea1c V\u00e0 Trang S\u1ee9c M\u1ea1 Trang s\u1ee9c b\u1ea1c th\u1eadt th\u01b0\u1eddng c\u00f3 k\u00fd hi\u1ec7u 925. Trang s\u1ee9c m\u1ea1 c\u00f3 l\u1edbp ph\u1ee7 b\u00ean ngo\u00e0i v\u00e0 gi\u00e1 th\u00e0nh th\u1ea5p h\u01a1n. Hi\u1ec3u r\u00f5 ch\u1ea5t li\u1ec7u gi\u00fap b\u1ea1n ch\u1ecdn \u0111\u00fang s\u1ea3n ph\u1ea9m ph\u00f9 h\u1ee3p.<\/p>\n","protected":false},"author":1,"featured_media":30,"parent":0,"menu_order":0,"comment_status":"closed","ping_status":"closed","template":"","meta":{"footnotes":""},"class_list":["post-29","page","type-page","status-publish","has-post-thumbnail","hentry"],"yoast_head":"<!-- This site is optimized with the Yoast SEO plugin v27.2 - https:\/\/yoast.com\/product\/yoast-seo-wordpress\/ -->\n<title>SALE PRICE:3.999.999 - Elira Boutique<\/title>\n<meta name=\"robots\" content=\"index, follow, max-snippet:-1, max-image-preview:large, max-video-preview:-1\" \/>\n<link rel=\"canonical\" href=\"https:\/\/nhinhi.azdigi.shop\/index.php\/phan-biet-trang-suc-bac-va-trang-suc-ma\/\" \/>\n<meta property=\"og:locale\" content=\"en_US\" \/>\n<meta property=\"og:type\" content=\"article\" \/>\n<meta property=\"og:title\" content=\"SALE PRICE:3.999.999 - Elira Boutique\" \/>\n<meta property=\"og:description\" content=\"Ph\u00e2n Bi\u1ec7t Trang S\u1ee9c B\u1ea1c V\u00e0 Trang S\u1ee9c M\u1ea1 Trang s\u1ee9c b\u1ea1c th\u1eadt th\u01b0\u1eddng c\u00f3 k\u00fd hi\u1ec7u 925. Trang s\u1ee9c m\u1ea1 c\u00f3 l\u1edbp ph\u1ee7 b\u00ean ngo\u00e0i v\u00e0 gi\u00e1 th\u00e0nh th\u1ea5p h\u01a1n. Hi\u1ec3u r\u00f5 ch\u1ea5t li\u1ec7u gi\u00fap b\u1ea1n ch\u1ecdn \u0111\u00fang s\u1ea3n ph\u1ea9m ph\u00f9 h\u1ee3p.\" \/>\n<meta property=\"og:url\" content=\"https:\/\/nhinhi.azdigi.shop\/index.php\/phan-biet-trang-suc-bac-va-trang-suc-ma\/\" \/>\n<meta property=\"og:site_name\" content=\"Elira Boutique\" \/>\n<meta property=\"article:modified_time\" content=\"2026-03-04T17:22:11+00:00\" \/>\n<meta property=\"og:image\" content=\"https:\/\/nhinhi.azdigi.shop\/wp-content\/uploads\/2026\/03\/NanoBanana-Prompt.jpg\" \/>\n\t<meta property=\"og:image:width\" content=\"736\" \/>\n\t<meta property=\"og:image:height\" content=\"1103\" \/>\n\t<meta property=\"og:image:type\" content=\"image\/jpeg\" \/>\n<meta name=\"twitter:card\" content=\"summary_large_image\" \/>\n<script type=\"application\/ld+json\" class=\"yoast-schema-graph\">{\"@context\":\"https:\/\/schema.org\",\"@graph\":[{\"@type\":\"WebPage\",\"@id\":\"https:\/\/nhinhi.azdigi.shop\/index.php\/phan-biet-trang-suc-bac-va-trang-suc-ma\/\",\"url\":\"https:\/\/nhinhi.azdigi.shop\/index.php\/phan-biet-trang-suc-bac-va-trang-suc-ma\/\",\"name\":\"SALE PRICE:3.999.999 - Elira Boutique\",\"isPartOf\":{\"@id\":\"https:\/\/nhinhi.azdigi.shop\/#website\"},\"primaryImageOfPage\":{\"@id\":\"https:\/\/nhinhi.azdigi.shop\/index.php\/phan-biet-trang-suc-bac-va-trang-suc-ma\/#primaryimage\"},\"image\":{\"@id\":\"https:\/\/nhinhi.azdigi.shop\/index.php\/phan-biet-trang-suc-bac-va-trang-suc-ma\/#primaryimage\"},\"thumbnailUrl\":\"https:\/\/nhinhi.azdigi.shop\/wp-content\/uploads\/2026\/03\/NanoBanana-Prompt.jpg\",\"datePublished\":\"2026-03-04T16:23:34+00:00\",\"dateModified\":\"2026-03-04T17:22:11+00:00\",\"breadcrumb\":{\"@id\":\"https:\/\/nhinhi.azdigi.shop\/index.php\/phan-biet-trang-suc-bac-va-trang-suc-ma\/#breadcrumb\"},\"inLanguage\":\"en-US\",\"potentialAction\":[{\"@type\":\"ReadAction\",\"target\":[\"https:\/\/nhinhi.azdigi.shop\/index.php\/phan-biet-trang-suc-bac-va-trang-suc-ma\/\"]}]},{\"@type\":\"ImageObject\",\"inLanguage\":\"en-US\",\"@id\":\"https:\/\/nhinhi.azdigi.shop\/index.php\/phan-biet-trang-suc-bac-va-trang-suc-ma\/#primaryimage\",\"url\":\"https:\/\/nhinhi.azdigi.shop\/wp-content\/uploads\/2026\/03\/NanoBanana-Prompt.jpg\",\"contentUrl\":\"https:\/\/nhinhi.azdigi.shop\/wp-content\/uploads\/2026\/03\/NanoBanana-Prompt.jpg\",\"width\":736,\"height\":1103},{\"@type\":\"BreadcrumbList\",\"@id\":\"https:\/\/nhinhi.azdigi.shop\/index.php\/phan-biet-trang-suc-bac-va-trang-suc-ma\/#breadcrumb\",\"itemListElement\":[{\"@type\":\"ListItem\",\"position\":1,\"name\":\"Trang ch\u1ee7\",\"item\":\"https:\/\/nhinhi.azdigi.shop\/\"},{\"@type\":\"ListItem\",\"position\":2,\"name\":\"SALE PRICE:3.999.999\"}]},{\"@type\":\"WebSite\",\"@id\":\"https:\/\/nhinhi.azdigi.shop\/#website\",\"url\":\"https:\/\/nhinhi.azdigi.shop\/\",\"name\":\"Elira Boutique\",\"description\":\"\",\"potentialAction\":[{\"@type\":\"SearchAction\",\"target\":{\"@type\":\"EntryPoint\",\"urlTemplate\":\"https:\/\/nhinhi.azdigi.shop\/?s={search_term_string}\"},\"query-input\":{\"@type\":\"PropertyValueSpecification\",\"valueRequired\":true,\"valueName\":\"search_term_string\"}}],\"inLanguage\":\"en-US\"}]}<\/script>\n<!-- \/ Yoast SEO plugin. -->","yoast_head_json":{"title":"SALE PRICE:3.999.999 - Elira Boutique","robots":{"index":"index","follow":"follow","max-snippet":"max-snippet:-1","max-image-preview":"max-image-preview:large","max-video-preview":"max-video-preview:-1"},"canonical":"https:\/\/nhinhi.azdigi.shop\/index.php\/phan-biet-trang-suc-bac-va-trang-suc-ma\/","og_locale":"en_US","og_type":"article","og_title":"SALE PRICE:3.999.999 - Elira Boutique","og_description":"Ph\u00e2n Bi\u1ec7t Trang S\u1ee9c B\u1ea1c V\u00e0 Trang S\u1ee9c M\u1ea1 Trang s\u1ee9c b\u1ea1c th\u1eadt th\u01b0\u1eddng c\u00f3 k\u00fd hi\u1ec7u 925. Trang s\u1ee9c m\u1ea1 c\u00f3 l\u1edbp ph\u1ee7 b\u00ean ngo\u00e0i v\u00e0 gi\u00e1 th\u00e0nh th\u1ea5p h\u01a1n. Hi\u1ec3u r\u00f5 ch\u1ea5t li\u1ec7u gi\u00fap b\u1ea1n ch\u1ecdn \u0111\u00fang s\u1ea3n ph\u1ea9m ph\u00f9 h\u1ee3p.","og_url":"https:\/\/nhinhi.azdigi.shop\/index.php\/phan-biet-trang-suc-bac-va-trang-suc-ma\/","og_site_name":"Elira Boutique","article_modified_time":"2026-03-04T17:22:11+00:00","og_image":[{"width":736,"height":1103,"url":"https:\/\/nhinhi.azdigi.shop\/wp-content\/uploads\/2026\/03\/NanoBanana-Prompt.jpg","type":"image\/jpeg"}],"twitter_card":"summary_large_image","schema":{"@context":"https:\/\/schema.org","@graph":[{"@type":"WebPage","@id":"https:\/\/nhinhi.azdigi.shop\/index.php\/phan-biet-trang-suc-bac-va-trang-suc-ma\/","url":"https:\/\/nhinhi.azdigi.shop\/index.php\/phan-biet-trang-suc-bac-va-trang-suc-ma\/","name":"SALE PRICE:3.999.999 - Elira Boutique","isPartOf":{"@id":"https:\/\/nhinhi.azdigi.shop\/#website"},"primaryImageOfPage":{"@id":"https:\/\/nhinhi.azdigi.shop\/index.php\/phan-biet-trang-suc-bac-va-trang-suc-ma\/#primaryimage"},"image":{"@id":"https:\/\/nhinhi.azdigi.shop\/index.php\/phan-biet-trang-suc-bac-va-trang-suc-ma\/#primaryimage"},"thumbnailUrl":"https:\/\/nhinhi.azdigi.shop\/wp-content\/uploads\/2026\/03\/NanoBanana-Prompt.jpg","datePublished":"2026-03-04T16:23:34+00:00","dateModified":"2026-03-04T17:22:11+00:00","breadcrumb":{"@id":"https:\/\/nhinhi.azdigi.shop\/index.php\/phan-biet-trang-suc-bac-va-trang-suc-ma\/#breadcrumb"},"inLanguage":"en-US","potentialAction":[{"@type":"ReadAction","target":["https:\/\/nhinhi.azdigi.shop\/index.php\/phan-biet-trang-suc-bac-va-trang-suc-ma\/"]}]},{"@type":"ImageObject","inLanguage":"en-US","@id":"https:\/\/nhinhi.azdigi.shop\/index.php\/phan-biet-trang-suc-bac-va-trang-suc-ma\/#primaryimage","url":"https:\/\/nhinhi.azdigi.shop\/wp-content\/uploads\/2026\/03\/NanoBanana-Prompt.jpg","contentUrl":"https:\/\/nhinhi.azdigi.shop\/wp-content\/uploads\/2026\/03\/NanoBanana-Prompt.jpg","width":736,"height":1103},{"@type":"BreadcrumbList","@id":"https:\/\/nhinhi.azdigi.shop\/index.php\/phan-biet-trang-suc-bac-va-trang-suc-ma\/#breadcrumb","itemListElement":[{"@type":"ListItem","position":1,"name":"Trang ch\u1ee7","item":"https:\/\/nhinhi.azdigi.shop\/"},{"@type":"ListItem","position":2,"name":"SALE PRICE:3.999.999"}]},{"@type":"WebSite","@id":"https:\/\/nhinhi.azdigi.shop\/#website","url":"https:\/\/nhinhi.azdigi.shop\/","name":"Elira Boutique","description":"","potentialAction":[{"@type":"SearchAction","target":{"@type":"EntryPoint","urlTemplate":"https:\/\/nhinhi.azdigi.shop\/?s={search_term_string}"},"query-input":{"@type":"PropertyValueSpecification","valueRequired":true,"valueName":"search_term_string"}}],"inLanguage":"en-US"}]}},"_links":{"self":[{"href":"https:\/\/nhinhi.azdigi.shop\/index.php\/wp-json\/wp\/v2\/pages\/29","targetHints":{"allow":["GET"]}}],"collection":[{"href":"https:\/\/nhinhi.azdigi.shop\/index.php\/wp-json\/wp\/v2\/pages"}],"about":[{"href":"https:\/\/nhinhi.azdigi.shop\/index.php\/wp-json\/wp\/v2\/types\/page"}],"author":[{"embeddable":true,"href":"https:\/\/nhinhi.azdigi.shop\/index.php\/wp-json\/wp\/v2\/users\/1"}],"replies":[{"embeddable":true,"href":"https:\/\/nhinhi.azdigi.shop\/index.php\/wp-json\/wp\/v2\/comments?post=29"}],"version-history":[{"count":2,"href":"https:\/\/nhinhi.azdigi.shop\/index.php\/wp-json\/wp\/v2\/pages\/29\/revisions"}],"predecessor-version":[{"id":67,"href":"https:\/\/nhinhi.azdigi.shop\/index.php\/wp-json\/wp\/v2\/pages\/29\/revisions\/67"}],"wp:featuredmedia":[{"embeddable":true,"href":"https:\/\/nhinhi.azdigi.shop\/index.php\/wp-json\/wp\/v2\/media\/30"}],"wp:attachment":[{"href":"https:\/\/nhinhi.azdigi.shop\/index.php\/wp-json\/wp\/v2\/media?parent=29"}],"curies":[{"name":"wp","href":"https:\/\/api.w.org\/{rel}","templated":true}]}}